{"id":25899,"date":"2023-10-03T18:15:26","date_gmt":"2023-10-03T15:15:26","guid":{"rendered":"https:\/\/karineparras.com\/product\/tiggeri-sormus-roosakullast\/"},"modified":"2025-03-20T17:23:56","modified_gmt":"2025-03-20T15:23:56","slug":"tiggeri-sormus-roosakullast","status":"publish","type":"product","link":"https:\/\/karineparras.com\/et\/product\/tiggeri-sormus-roosakullast\/","title":{"rendered":"&#8220;Dagger&#8221; S\u00f5rmus Roosa Kuld"},"content":{"rendered":"","protected":false},"excerpt":{"rendered":"<p><a href=\"https:\/\/karineparras.com\/product-category\/fine-jewellery-lines\/dagger\/\" target=\"_blank\" rel=\"noopener\">DAGGER<\/a><\/p>\n<p>Oma julge ja modernse disainiga on Dagger Ring silmapaistev lisa igasse kollektsiooni. 18-karaadine roosa kuld on kaunistatud 0,06 karaadi suuruste teemantidega, lisades \u00f5rna luksuse puudutuse. T\u00e4iuslik nii igap\u00e4evaste kui \u00f5htuste riietustega, see mitmek\u00fclgne s\u00f5rmus t\u00e4iendab erinevaid riidekombinatsioone, alates l\u00f5dvestunud p\u00e4evast v\u00e4limusest kuni t\u00e4iusliku \u00f5htustiilini.  <\/p>\n<ul>\n<li>18K roosa kuld<\/li>\n<li>0.06 ctw FG VS teemandid<\/li>\n<\/ul>\n","protected":false},"featured_media":25770,"template":"","meta":{"_themeisle_gutenberg_block_has_review":false},"product_brand":[],"product_cat":[465,440,441],"product_tag":[],"class_list":{"0":"post-25899","1":"product","2":"type-product","3":"status-publish","4":"has-post-thumbnail","6":"product_cat-dagger-et","7":"product_cat-fine-jewellery-liinid","8":"product_cat-sormused","10":"first","11":"instock","12":"shipping-taxable","13":"purchasable","14":"product-type-simple"},"yoast_head":"<!-- This site is optimized with the Yoast SEO plugin v27.3 - https:\/\/yoast.com\/product\/yoast-seo-wordpress\/ -->\n<title>&quot;Dagger&quot; S\u00f5rmus Roosa Kuld - KARINE PARRAS<\/title>\n<meta name=\"description\" content=\"&quot;Dagger&quot; s\u00f5rmus on moderne ehe. 18-karaadisest roosast kullast s\u00e4ravate teemantidega s\u00f5rmus aitab t\u00e4iendab igat outfit-i.\" \/>\n<meta name=\"robots\" content=\"index, follow, max-snippet:-1, max-image-preview:large, max-video-preview:-1\" \/>\n<link rel=\"canonical\" href=\"https:\/\/karineparras.com\/et\/product\/tiggeri-sormus-roosakullast\/\" \/>\n<meta property=\"og:locale\" content=\"et_EE\" \/>\n<meta property=\"og:type\" content=\"article\" \/>\n<meta property=\"og:title\" content=\"&quot;Dagger&quot; S\u00f5rmus Roosa Kuld - KARINE PARRAS\" \/>\n<meta property=\"og:description\" content=\"&quot;Dagger&quot; s\u00f5rmus on moderne ehe. 18-karaadisest roosast kullast s\u00e4ravate teemantidega s\u00f5rmus aitab t\u00e4iendab igat outfit-i.\" \/>\n<meta property=\"og:url\" content=\"https:\/\/karineparras.com\/et\/product\/tiggeri-sormus-roosakullast\/\" \/>\n<meta property=\"og:site_name\" content=\"KARINE PARRAS\" \/>\n<meta property=\"article:publisher\" content=\"https:\/\/www.facebook.com\/karineparras\" \/>\n<meta property=\"article:modified_time\" content=\"2025-03-20T15:23:56+00:00\" \/>\n<meta property=\"og:image\" content=\"https:\/\/karineparras.com\/wp-content\/uploads\/2023\/10\/KPweb_dagger-ring-rg-rose-gold-3-diamonds.jpg\" \/>\n\t<meta property=\"og:image:width\" content=\"1152\" \/>\n\t<meta property=\"og:image:height\" content=\"1536\" \/>\n\t<meta property=\"og:image:type\" content=\"image\/jpeg\" \/>\n<meta name=\"twitter:card\" content=\"summary_large_image\" \/>\n<script type=\"application\/ld+json\" class=\"yoast-schema-graph\">{\"@context\":\"https:\\\/\\\/schema.org\",\"@graph\":[{\"@type\":\"WebPage\",\"@id\":\"https:\\\/\\\/karineparras.com\\\/et\\\/product\\\/tiggeri-sormus-roosakullast\\\/\",\"url\":\"https:\\\/\\\/karineparras.com\\\/et\\\/product\\\/tiggeri-sormus-roosakullast\\\/\",\"name\":\"\\\"Dagger\\\" S\u00f5rmus Roosa Kuld - KARINE PARRAS\",\"isPartOf\":{\"@id\":\"https:\\\/\\\/karineparras.com\\\/et\\\/#website\"},\"primaryImageOfPage\":{\"@id\":\"https:\\\/\\\/karineparras.com\\\/et\\\/product\\\/tiggeri-sormus-roosakullast\\\/#primaryimage\"},\"image\":{\"@id\":\"https:\\\/\\\/karineparras.com\\\/et\\\/product\\\/tiggeri-sormus-roosakullast\\\/#primaryimage\"},\"thumbnailUrl\":\"https:\\\/\\\/karineparras.com\\\/wp-content\\\/uploads\\\/2023\\\/10\\\/KPweb_dagger-ring-rg-rose-gold-3-diamonds.jpg\",\"datePublished\":\"2023-10-03T15:15:26+00:00\",\"dateModified\":\"2025-03-20T15:23:56+00:00\",\"description\":\"\\\"Dagger\\\" s\u00f5rmus on moderne ehe. 18-karaadisest roosast kullast s\u00e4ravate teemantidega s\u00f5rmus aitab t\u00e4iendab igat outfit-i.\",\"breadcrumb\":{\"@id\":\"https:\\\/\\\/karineparras.com\\\/et\\\/product\\\/tiggeri-sormus-roosakullast\\\/#breadcrumb\"},\"inLanguage\":\"et\",\"potentialAction\":[{\"@type\":\"ReadAction\",\"target\":[\"https:\\\/\\\/karineparras.com\\\/et\\\/product\\\/tiggeri-sormus-roosakullast\\\/\"]}]},{\"@type\":\"ImageObject\",\"inLanguage\":\"et\",\"@id\":\"https:\\\/\\\/karineparras.com\\\/et\\\/product\\\/tiggeri-sormus-roosakullast\\\/#primaryimage\",\"url\":\"https:\\\/\\\/karineparras.com\\\/wp-content\\\/uploads\\\/2023\\\/10\\\/KPweb_dagger-ring-rg-rose-gold-3-diamonds.jpg\",\"contentUrl\":\"https:\\\/\\\/karineparras.com\\\/wp-content\\\/uploads\\\/2023\\\/10\\\/KPweb_dagger-ring-rg-rose-gold-3-diamonds.jpg\",\"width\":1152,\"height\":1536},{\"@type\":\"BreadcrumbList\",\"@id\":\"https:\\\/\\\/karineparras.com\\\/et\\\/product\\\/tiggeri-sormus-roosakullast\\\/#breadcrumb\",\"itemListElement\":[{\"@type\":\"ListItem\",\"position\":1,\"name\":\"Home\",\"item\":\"https:\\\/\\\/karineparras.com\\\/et\\\/karine-parras\\\/\"},{\"@type\":\"ListItem\",\"position\":2,\"name\":\"Pood\",\"item\":\"https:\\\/\\\/karineparras.com\\\/et\\\/pood\\\/\"},{\"@type\":\"ListItem\",\"position\":3,\"name\":\"&#8220;Dagger&#8221; S\u00f5rmus Roosa Kuld\"}]},{\"@type\":\"WebSite\",\"@id\":\"https:\\\/\\\/karineparras.com\\\/et\\\/#website\",\"url\":\"https:\\\/\\\/karineparras.com\\\/et\\\/\",\"name\":\"KARINE PARRAS\",\"description\":\"\",\"publisher\":{\"@id\":\"https:\\\/\\\/karineparras.com\\\/et\\\/#organization\"},\"potentialAction\":[{\"@type\":\"SearchAction\",\"target\":{\"@type\":\"EntryPoint\",\"urlTemplate\":\"https:\\\/\\\/karineparras.com\\\/et\\\/?s={search_term_string}\"},\"query-input\":{\"@type\":\"PropertyValueSpecification\",\"valueRequired\":true,\"valueName\":\"search_term_string\"}}],\"inLanguage\":\"et\"},{\"@type\":\"Organization\",\"@id\":\"https:\\\/\\\/karineparras.com\\\/et\\\/#organization\",\"name\":\"KARINE PARRAS\",\"url\":\"https:\\\/\\\/karineparras.com\\\/et\\\/\",\"logo\":{\"@type\":\"ImageObject\",\"inLanguage\":\"et\",\"@id\":\"https:\\\/\\\/karineparras.com\\\/et\\\/#\\\/schema\\\/logo\\\/image\\\/\",\"url\":\"https:\\\/\\\/karineparras.com\\\/wp-content\\\/uploads\\\/2023\\\/12\\\/logo-header.png\",\"contentUrl\":\"https:\\\/\\\/karineparras.com\\\/wp-content\\\/uploads\\\/2023\\\/12\\\/logo-header.png\",\"width\":1000,\"height\":60,\"caption\":\"KARINE PARRAS\"},\"image\":{\"@id\":\"https:\\\/\\\/karineparras.com\\\/et\\\/#\\\/schema\\\/logo\\\/image\\\/\"},\"sameAs\":[\"https:\\\/\\\/www.facebook.com\\\/karineparras\",\"https:\\\/\\\/www.instagram.com\\\/karineparras\\\/\"]}]}<\/script>\n<!-- \/ Yoast SEO plugin. -->","yoast_head_json":{"title":"\"Dagger\" S\u00f5rmus Roosa Kuld - KARINE PARRAS","description":"\"Dagger\" s\u00f5rmus on moderne ehe. 18-karaadisest roosast kullast s\u00e4ravate teemantidega s\u00f5rmus aitab t\u00e4iendab igat outfit-i.","robots":{"index":"index","follow":"follow","max-snippet":"max-snippet:-1","max-image-preview":"max-image-preview:large","max-video-preview":"max-video-preview:-1"},"canonical":"https:\/\/karineparras.com\/et\/product\/tiggeri-sormus-roosakullast\/","og_locale":"et_EE","og_type":"article","og_title":"\"Dagger\" S\u00f5rmus Roosa Kuld - KARINE PARRAS","og_description":"\"Dagger\" s\u00f5rmus on moderne ehe. 18-karaadisest roosast kullast s\u00e4ravate teemantidega s\u00f5rmus aitab t\u00e4iendab igat outfit-i.","og_url":"https:\/\/karineparras.com\/et\/product\/tiggeri-sormus-roosakullast\/","og_site_name":"KARINE PARRAS","article_publisher":"https:\/\/www.facebook.com\/karineparras","article_modified_time":"2025-03-20T15:23:56+00:00","og_image":[{"width":1152,"height":1536,"url":"https:\/\/karineparras.com\/wp-content\/uploads\/2023\/10\/KPweb_dagger-ring-rg-rose-gold-3-diamonds.jpg","type":"image\/jpeg"}],"twitter_card":"summary_large_image","schema":{"@context":"https:\/\/schema.org","@graph":[{"@type":"WebPage","@id":"https:\/\/karineparras.com\/et\/product\/tiggeri-sormus-roosakullast\/","url":"https:\/\/karineparras.com\/et\/product\/tiggeri-sormus-roosakullast\/","name":"\"Dagger\" S\u00f5rmus Roosa Kuld - KARINE PARRAS","isPartOf":{"@id":"https:\/\/karineparras.com\/et\/#website"},"primaryImageOfPage":{"@id":"https:\/\/karineparras.com\/et\/product\/tiggeri-sormus-roosakullast\/#primaryimage"},"image":{"@id":"https:\/\/karineparras.com\/et\/product\/tiggeri-sormus-roosakullast\/#primaryimage"},"thumbnailUrl":"https:\/\/karineparras.com\/wp-content\/uploads\/2023\/10\/KPweb_dagger-ring-rg-rose-gold-3-diamonds.jpg","datePublished":"2023-10-03T15:15:26+00:00","dateModified":"2025-03-20T15:23:56+00:00","description":"\"Dagger\" s\u00f5rmus on moderne ehe. 18-karaadisest roosast kullast s\u00e4ravate teemantidega s\u00f5rmus aitab t\u00e4iendab igat outfit-i.","breadcrumb":{"@id":"https:\/\/karineparras.com\/et\/product\/tiggeri-sormus-roosakullast\/#breadcrumb"},"inLanguage":"et","potentialAction":[{"@type":"ReadAction","target":["https:\/\/karineparras.com\/et\/product\/tiggeri-sormus-roosakullast\/"]}]},{"@type":"ImageObject","inLanguage":"et","@id":"https:\/\/karineparras.com\/et\/product\/tiggeri-sormus-roosakullast\/#primaryimage","url":"https:\/\/karineparras.com\/wp-content\/uploads\/2023\/10\/KPweb_dagger-ring-rg-rose-gold-3-diamonds.jpg","contentUrl":"https:\/\/karineparras.com\/wp-content\/uploads\/2023\/10\/KPweb_dagger-ring-rg-rose-gold-3-diamonds.jpg","width":1152,"height":1536},{"@type":"BreadcrumbList","@id":"https:\/\/karineparras.com\/et\/product\/tiggeri-sormus-roosakullast\/#breadcrumb","itemListElement":[{"@type":"ListItem","position":1,"name":"Home","item":"https:\/\/karineparras.com\/et\/karine-parras\/"},{"@type":"ListItem","position":2,"name":"Pood","item":"https:\/\/karineparras.com\/et\/pood\/"},{"@type":"ListItem","position":3,"name":"&#8220;Dagger&#8221; S\u00f5rmus Roosa Kuld"}]},{"@type":"WebSite","@id":"https:\/\/karineparras.com\/et\/#website","url":"https:\/\/karineparras.com\/et\/","name":"KARINE PARRAS","description":"","publisher":{"@id":"https:\/\/karineparras.com\/et\/#organization"},"potentialAction":[{"@type":"SearchAction","target":{"@type":"EntryPoint","urlTemplate":"https:\/\/karineparras.com\/et\/?s={search_term_string}"},"query-input":{"@type":"PropertyValueSpecification","valueRequired":true,"valueName":"search_term_string"}}],"inLanguage":"et"},{"@type":"Organization","@id":"https:\/\/karineparras.com\/et\/#organization","name":"KARINE PARRAS","url":"https:\/\/karineparras.com\/et\/","logo":{"@type":"ImageObject","inLanguage":"et","@id":"https:\/\/karineparras.com\/et\/#\/schema\/logo\/image\/","url":"https:\/\/karineparras.com\/wp-content\/uploads\/2023\/12\/logo-header.png","contentUrl":"https:\/\/karineparras.com\/wp-content\/uploads\/2023\/12\/logo-header.png","width":1000,"height":60,"caption":"KARINE PARRAS"},"image":{"@id":"https:\/\/karineparras.com\/et\/#\/schema\/logo\/image\/"},"sameAs":["https:\/\/www.facebook.com\/karineparras","https:\/\/www.instagram.com\/karineparras\/"]}]}},"_links":{"self":[{"href":"https:\/\/karineparras.com\/et\/wp-json\/wp\/v2\/product\/25899","targetHints":{"allow":["GET"]}}],"collection":[{"href":"https:\/\/karineparras.com\/et\/wp-json\/wp\/v2\/product"}],"about":[{"href":"https:\/\/karineparras.com\/et\/wp-json\/wp\/v2\/types\/product"}],"wp:featuredmedia":[{"embeddable":true,"href":"https:\/\/karineparras.com\/et\/wp-json\/wp\/v2\/media\/25770"}],"wp:attachment":[{"href":"https:\/\/karineparras.com\/et\/wp-json\/wp\/v2\/media?parent=25899"}],"wp:term":[{"taxonomy":"product_brand","embeddable":true,"href":"https:\/\/karineparras.com\/et\/wp-json\/wp\/v2\/product_brand?post=25899"},{"taxonomy":"product_cat","embeddable":true,"href":"https:\/\/karineparras.com\/et\/wp-json\/wp\/v2\/product_cat?post=25899"},{"taxonomy":"product_tag","embeddable":true,"href":"https:\/\/karineparras.com\/et\/wp-json\/wp\/v2\/product_tag?post=25899"}],"curies":[{"name":"wp","href":"https:\/\/api.w.org\/{rel}","templated":true}]}}