{"id":25891,"date":"2023-06-14T17:50:45","date_gmt":"2023-06-14T14:50:45","guid":{"rendered":"https:\/\/karineparras.com\/product\/armastuse-kaevoru-roosakas-kuldne\/"},"modified":"2025-03-20T17:13:55","modified_gmt":"2025-03-20T15:13:55","slug":"armastuse-kaevoru-roosakas-kuldne","status":"publish","type":"product","link":"https:\/\/karineparras.com\/et\/product\/armastuse-kaevoru-roosakas-kuldne\/","title":{"rendered":"&#8220;Love&#8221; K\u00e4ev\u00f5ru Roosa Kuld"},"content":{"rendered":"","protected":false},"excerpt":{"rendered":"<p>&#8220;Love&#8221; k\u00e4ev\u00f5ru on ideaalne romantika ja luksuse segu. Valmistatud 18-karaadisest roosast kullast ja kaunistatud \u0161ampanja teemantidega, see ehe haarab armastuse soojust ja ilu. S\u00e4ravad teemandid ja pehme roosa kuld loovad v\u00e4limuse, mis kindlasti ei j\u00e4\u00e4 m\u00e4rkamatuks. T\u00e4hendusrikas kingitus kellelegi eriliselt.   <\/p>\n<ul>\n<li>18K roosa kuld<\/li>\n<li>0.28 ctw FG VS \u0161ampanja teemandid<\/li>\n<\/ul>\n","protected":false},"featured_media":25758,"template":"","meta":{"_themeisle_gutenberg_block_has_review":false},"product_brand":[],"product_cat":[455],"product_tag":[],"class_list":{"0":"post-25891","1":"product","2":"type-product","3":"status-publish","4":"has-post-thumbnail","6":"product_cat-kaevorud","8":"first","9":"outofstock","10":"shipping-taxable","11":"purchasable","12":"product-type-simple"},"yoast_head":"<!-- This site is optimized with the Yoast SEO plugin v27.3 - https:\/\/yoast.com\/product\/yoast-seo-wordpress\/ -->\n<title>&quot;Love&quot; K\u00e4ev\u00f5ru Roosa Kuld - KARINE PARRAS<\/title>\n<meta name=\"description\" content=\"&quot;Love&quot; k\u00e4ev\u00f5ru on valmistatud 18-karaadisest roosast kullast ja kaunistatud s\u00e4ravate \u0161ampanja teemantidega. Otsene armastuse v\u00e4ljendus.\" \/>\n<meta name=\"robots\" content=\"index, follow, max-snippet:-1, max-image-preview:large, max-video-preview:-1\" \/>\n<link rel=\"canonical\" href=\"https:\/\/karineparras.com\/et\/product\/armastuse-kaevoru-roosakas-kuldne\/\" \/>\n<meta property=\"og:locale\" content=\"et_EE\" \/>\n<meta property=\"og:type\" content=\"article\" \/>\n<meta property=\"og:title\" content=\"&quot;Love&quot; K\u00e4ev\u00f5ru Roosa Kuld - KARINE PARRAS\" \/>\n<meta property=\"og:description\" content=\"&quot;Love&quot; k\u00e4ev\u00f5ru on valmistatud 18-karaadisest roosast kullast ja kaunistatud s\u00e4ravate \u0161ampanja teemantidega. Otsene armastuse v\u00e4ljendus.\" \/>\n<meta property=\"og:url\" content=\"https:\/\/karineparras.com\/et\/product\/armastuse-kaevoru-roosakas-kuldne\/\" \/>\n<meta property=\"og:site_name\" content=\"KARINE PARRAS\" \/>\n<meta property=\"article:publisher\" content=\"https:\/\/www.facebook.com\/karineparras\" \/>\n<meta property=\"article:modified_time\" content=\"2025-03-20T15:13:55+00:00\" \/>\n<meta property=\"og:image\" content=\"https:\/\/karineparras.com\/wp-content\/uploads\/2023\/06\/KPweb-Love-bracelet-rg-rose-gold-adjustable-diamond-bracelet-model-Jhenn.jpg\" \/>\n\t<meta property=\"og:image:width\" content=\"1152\" \/>\n\t<meta property=\"og:image:height\" content=\"1536\" \/>\n\t<meta property=\"og:image:type\" content=\"image\/jpeg\" \/>\n<meta name=\"twitter:card\" content=\"summary_large_image\" \/>\n<script type=\"application\/ld+json\" class=\"yoast-schema-graph\">{\"@context\":\"https:\\\/\\\/schema.org\",\"@graph\":[{\"@type\":\"WebPage\",\"@id\":\"https:\\\/\\\/karineparras.com\\\/et\\\/product\\\/armastuse-kaevoru-roosakas-kuldne\\\/\",\"url\":\"https:\\\/\\\/karineparras.com\\\/et\\\/product\\\/armastuse-kaevoru-roosakas-kuldne\\\/\",\"name\":\"\\\"Love\\\" K\u00e4ev\u00f5ru Roosa Kuld - KARINE PARRAS\",\"isPartOf\":{\"@id\":\"https:\\\/\\\/karineparras.com\\\/et\\\/#website\"},\"primaryImageOfPage\":{\"@id\":\"https:\\\/\\\/karineparras.com\\\/et\\\/product\\\/armastuse-kaevoru-roosakas-kuldne\\\/#primaryimage\"},\"image\":{\"@id\":\"https:\\\/\\\/karineparras.com\\\/et\\\/product\\\/armastuse-kaevoru-roosakas-kuldne\\\/#primaryimage\"},\"thumbnailUrl\":\"https:\\\/\\\/karineparras.com\\\/wp-content\\\/uploads\\\/2023\\\/06\\\/KPweb-Love-bracelet-rg-rose-gold-adjustable-diamond-bracelet-model-Jhenn.jpg\",\"datePublished\":\"2023-06-14T14:50:45+00:00\",\"dateModified\":\"2025-03-20T15:13:55+00:00\",\"description\":\"\\\"Love\\\" k\u00e4ev\u00f5ru on valmistatud 18-karaadisest roosast kullast ja kaunistatud s\u00e4ravate \u0161ampanja teemantidega. Otsene armastuse v\u00e4ljendus.\",\"breadcrumb\":{\"@id\":\"https:\\\/\\\/karineparras.com\\\/et\\\/product\\\/armastuse-kaevoru-roosakas-kuldne\\\/#breadcrumb\"},\"inLanguage\":\"et\",\"potentialAction\":[{\"@type\":\"ReadAction\",\"target\":[\"https:\\\/\\\/karineparras.com\\\/et\\\/product\\\/armastuse-kaevoru-roosakas-kuldne\\\/\"]}]},{\"@type\":\"ImageObject\",\"inLanguage\":\"et\",\"@id\":\"https:\\\/\\\/karineparras.com\\\/et\\\/product\\\/armastuse-kaevoru-roosakas-kuldne\\\/#primaryimage\",\"url\":\"https:\\\/\\\/karineparras.com\\\/wp-content\\\/uploads\\\/2023\\\/06\\\/KPweb-Love-bracelet-rg-rose-gold-adjustable-diamond-bracelet-model-Jhenn.jpg\",\"contentUrl\":\"https:\\\/\\\/karineparras.com\\\/wp-content\\\/uploads\\\/2023\\\/06\\\/KPweb-Love-bracelet-rg-rose-gold-adjustable-diamond-bracelet-model-Jhenn.jpg\",\"width\":1152,\"height\":1536},{\"@type\":\"BreadcrumbList\",\"@id\":\"https:\\\/\\\/karineparras.com\\\/et\\\/product\\\/armastuse-kaevoru-roosakas-kuldne\\\/#breadcrumb\",\"itemListElement\":[{\"@type\":\"ListItem\",\"position\":1,\"name\":\"Home\",\"item\":\"https:\\\/\\\/karineparras.com\\\/et\\\/karine-parras\\\/\"},{\"@type\":\"ListItem\",\"position\":2,\"name\":\"Pood\",\"item\":\"https:\\\/\\\/karineparras.com\\\/et\\\/pood\\\/\"},{\"@type\":\"ListItem\",\"position\":3,\"name\":\"&#8220;Love&#8221; K\u00e4ev\u00f5ru Roosa Kuld\"}]},{\"@type\":\"WebSite\",\"@id\":\"https:\\\/\\\/karineparras.com\\\/et\\\/#website\",\"url\":\"https:\\\/\\\/karineparras.com\\\/et\\\/\",\"name\":\"KARINE PARRAS\",\"description\":\"\",\"publisher\":{\"@id\":\"https:\\\/\\\/karineparras.com\\\/et\\\/#organization\"},\"potentialAction\":[{\"@type\":\"SearchAction\",\"target\":{\"@type\":\"EntryPoint\",\"urlTemplate\":\"https:\\\/\\\/karineparras.com\\\/et\\\/?s={search_term_string}\"},\"query-input\":{\"@type\":\"PropertyValueSpecification\",\"valueRequired\":true,\"valueName\":\"search_term_string\"}}],\"inLanguage\":\"et\"},{\"@type\":\"Organization\",\"@id\":\"https:\\\/\\\/karineparras.com\\\/et\\\/#organization\",\"name\":\"KARINE PARRAS\",\"url\":\"https:\\\/\\\/karineparras.com\\\/et\\\/\",\"logo\":{\"@type\":\"ImageObject\",\"inLanguage\":\"et\",\"@id\":\"https:\\\/\\\/karineparras.com\\\/et\\\/#\\\/schema\\\/logo\\\/image\\\/\",\"url\":\"https:\\\/\\\/karineparras.com\\\/wp-content\\\/uploads\\\/2023\\\/12\\\/logo-header.png\",\"contentUrl\":\"https:\\\/\\\/karineparras.com\\\/wp-content\\\/uploads\\\/2023\\\/12\\\/logo-header.png\",\"width\":1000,\"height\":60,\"caption\":\"KARINE PARRAS\"},\"image\":{\"@id\":\"https:\\\/\\\/karineparras.com\\\/et\\\/#\\\/schema\\\/logo\\\/image\\\/\"},\"sameAs\":[\"https:\\\/\\\/www.facebook.com\\\/karineparras\",\"https:\\\/\\\/www.instagram.com\\\/karineparras\\\/\"]}]}<\/script>\n<!-- \/ Yoast SEO plugin. -->","yoast_head_json":{"title":"\"Love\" K\u00e4ev\u00f5ru Roosa Kuld - KARINE PARRAS","description":"\"Love\" k\u00e4ev\u00f5ru on valmistatud 18-karaadisest roosast kullast ja kaunistatud s\u00e4ravate \u0161ampanja teemantidega. Otsene armastuse v\u00e4ljendus.","robots":{"index":"index","follow":"follow","max-snippet":"max-snippet:-1","max-image-preview":"max-image-preview:large","max-video-preview":"max-video-preview:-1"},"canonical":"https:\/\/karineparras.com\/et\/product\/armastuse-kaevoru-roosakas-kuldne\/","og_locale":"et_EE","og_type":"article","og_title":"\"Love\" K\u00e4ev\u00f5ru Roosa Kuld - KARINE PARRAS","og_description":"\"Love\" k\u00e4ev\u00f5ru on valmistatud 18-karaadisest roosast kullast ja kaunistatud s\u00e4ravate \u0161ampanja teemantidega. Otsene armastuse v\u00e4ljendus.","og_url":"https:\/\/karineparras.com\/et\/product\/armastuse-kaevoru-roosakas-kuldne\/","og_site_name":"KARINE PARRAS","article_publisher":"https:\/\/www.facebook.com\/karineparras","article_modified_time":"2025-03-20T15:13:55+00:00","og_image":[{"width":1152,"height":1536,"url":"https:\/\/karineparras.com\/wp-content\/uploads\/2023\/06\/KPweb-Love-bracelet-rg-rose-gold-adjustable-diamond-bracelet-model-Jhenn.jpg","type":"image\/jpeg"}],"twitter_card":"summary_large_image","schema":{"@context":"https:\/\/schema.org","@graph":[{"@type":"WebPage","@id":"https:\/\/karineparras.com\/et\/product\/armastuse-kaevoru-roosakas-kuldne\/","url":"https:\/\/karineparras.com\/et\/product\/armastuse-kaevoru-roosakas-kuldne\/","name":"\"Love\" K\u00e4ev\u00f5ru Roosa Kuld - KARINE PARRAS","isPartOf":{"@id":"https:\/\/karineparras.com\/et\/#website"},"primaryImageOfPage":{"@id":"https:\/\/karineparras.com\/et\/product\/armastuse-kaevoru-roosakas-kuldne\/#primaryimage"},"image":{"@id":"https:\/\/karineparras.com\/et\/product\/armastuse-kaevoru-roosakas-kuldne\/#primaryimage"},"thumbnailUrl":"https:\/\/karineparras.com\/wp-content\/uploads\/2023\/06\/KPweb-Love-bracelet-rg-rose-gold-adjustable-diamond-bracelet-model-Jhenn.jpg","datePublished":"2023-06-14T14:50:45+00:00","dateModified":"2025-03-20T15:13:55+00:00","description":"\"Love\" k\u00e4ev\u00f5ru on valmistatud 18-karaadisest roosast kullast ja kaunistatud s\u00e4ravate \u0161ampanja teemantidega. Otsene armastuse v\u00e4ljendus.","breadcrumb":{"@id":"https:\/\/karineparras.com\/et\/product\/armastuse-kaevoru-roosakas-kuldne\/#breadcrumb"},"inLanguage":"et","potentialAction":[{"@type":"ReadAction","target":["https:\/\/karineparras.com\/et\/product\/armastuse-kaevoru-roosakas-kuldne\/"]}]},{"@type":"ImageObject","inLanguage":"et","@id":"https:\/\/karineparras.com\/et\/product\/armastuse-kaevoru-roosakas-kuldne\/#primaryimage","url":"https:\/\/karineparras.com\/wp-content\/uploads\/2023\/06\/KPweb-Love-bracelet-rg-rose-gold-adjustable-diamond-bracelet-model-Jhenn.jpg","contentUrl":"https:\/\/karineparras.com\/wp-content\/uploads\/2023\/06\/KPweb-Love-bracelet-rg-rose-gold-adjustable-diamond-bracelet-model-Jhenn.jpg","width":1152,"height":1536},{"@type":"BreadcrumbList","@id":"https:\/\/karineparras.com\/et\/product\/armastuse-kaevoru-roosakas-kuldne\/#breadcrumb","itemListElement":[{"@type":"ListItem","position":1,"name":"Home","item":"https:\/\/karineparras.com\/et\/karine-parras\/"},{"@type":"ListItem","position":2,"name":"Pood","item":"https:\/\/karineparras.com\/et\/pood\/"},{"@type":"ListItem","position":3,"name":"&#8220;Love&#8221; K\u00e4ev\u00f5ru Roosa Kuld"}]},{"@type":"WebSite","@id":"https:\/\/karineparras.com\/et\/#website","url":"https:\/\/karineparras.com\/et\/","name":"KARINE PARRAS","description":"","publisher":{"@id":"https:\/\/karineparras.com\/et\/#organization"},"potentialAction":[{"@type":"SearchAction","target":{"@type":"EntryPoint","urlTemplate":"https:\/\/karineparras.com\/et\/?s={search_term_string}"},"query-input":{"@type":"PropertyValueSpecification","valueRequired":true,"valueName":"search_term_string"}}],"inLanguage":"et"},{"@type":"Organization","@id":"https:\/\/karineparras.com\/et\/#organization","name":"KARINE PARRAS","url":"https:\/\/karineparras.com\/et\/","logo":{"@type":"ImageObject","inLanguage":"et","@id":"https:\/\/karineparras.com\/et\/#\/schema\/logo\/image\/","url":"https:\/\/karineparras.com\/wp-content\/uploads\/2023\/12\/logo-header.png","contentUrl":"https:\/\/karineparras.com\/wp-content\/uploads\/2023\/12\/logo-header.png","width":1000,"height":60,"caption":"KARINE PARRAS"},"image":{"@id":"https:\/\/karineparras.com\/et\/#\/schema\/logo\/image\/"},"sameAs":["https:\/\/www.facebook.com\/karineparras","https:\/\/www.instagram.com\/karineparras\/"]}]}},"_links":{"self":[{"href":"https:\/\/karineparras.com\/et\/wp-json\/wp\/v2\/product\/25891","targetHints":{"allow":["GET"]}}],"collection":[{"href":"https:\/\/karineparras.com\/et\/wp-json\/wp\/v2\/product"}],"about":[{"href":"https:\/\/karineparras.com\/et\/wp-json\/wp\/v2\/types\/product"}],"wp:featuredmedia":[{"embeddable":true,"href":"https:\/\/karineparras.com\/et\/wp-json\/wp\/v2\/media\/25758"}],"wp:attachment":[{"href":"https:\/\/karineparras.com\/et\/wp-json\/wp\/v2\/media?parent=25891"}],"wp:term":[{"taxonomy":"product_brand","embeddable":true,"href":"https:\/\/karineparras.com\/et\/wp-json\/wp\/v2\/product_brand?post=25891"},{"taxonomy":"product_cat","embeddable":true,"href":"https:\/\/karineparras.com\/et\/wp-json\/wp\/v2\/product_cat?post=25891"},{"taxonomy":"product_tag","embeddable":true,"href":"https:\/\/karineparras.com\/et\/wp-json\/wp\/v2\/product_tag?post=25891"}],"curies":[{"name":"wp","href":"https:\/\/api.w.org\/{rel}","templated":true}]}}