{"id":25872,"date":"2023-11-29T12:57:42","date_gmt":"2023-11-29T10:57:42","guid":{"rendered":"https:\/\/karineparras.com\/product\/choker-kaelakee-valgest-kullast\/"},"modified":"2025-03-25T17:18:57","modified_gmt":"2025-03-25T15:18:57","slug":"choker-kaelakee-valgest-kullast","status":"publish","type":"product","link":"https:\/\/karineparras.com\/et\/product\/choker-kaelakee-valgest-kullast\/","title":{"rendered":"&#8220;Choker&#8221; Kaelakee Valge Kuld"},"content":{"rendered":"","protected":false},"excerpt":{"rendered":"<p>Kaunis elegantne kaelakee sisaldab lummavat teemantide rida, mille kogukaal on 1.50 karaati, meisterlikult paigutatud valgesse kulda. Teemantide ajatu ilu ja kulda sujuv elegants loovad rafineeritud kaelakee, mis on ideaalne kaunistamaks teie kaela luksusliku ja \u00f5rna puudutusega. <\/p>\n<ul>\n<li>18K valge kuld<\/li>\n<li>1.50 ctw FG VS laboriteemandid<\/li>\n<\/ul>\n","protected":false},"featured_media":25784,"template":"","meta":{"_themeisle_gutenberg_block_has_review":false},"product_brand":[],"product_cat":[440,443],"product_tag":[],"class_list":{"0":"post-25872","1":"product","2":"type-product","3":"status-publish","4":"has-post-thumbnail","6":"product_cat-fine-jewellery-liinid","7":"product_cat-kaelakeed","9":"first","10":"instock","11":"shipping-taxable","12":"purchasable","13":"product-type-variable"},"yoast_head":"<!-- This site is optimized with the Yoast SEO plugin v27.3 - https:\/\/yoast.com\/product\/yoast-seo-wordpress\/ -->\n<title>&quot;Choker&quot; Kaelakee Valge Kuld - KARINE PARRAS<\/title>\n<meta name=\"description\" content=\"Chokeri disain toob kokku valge kulla klassikalise elegantsuse ja teemantide s\u00e4ra. \u0160ikk kaekalee, mis t\u00f5stab esile naturaalse ilu.\" \/>\n<meta name=\"robots\" content=\"index, follow, max-snippet:-1, max-image-preview:large, max-video-preview:-1\" \/>\n<link rel=\"canonical\" href=\"https:\/\/karineparras.com\/et\/product\/choker-kaelakee-valgest-kullast\/\" \/>\n<meta property=\"og:locale\" content=\"et_EE\" \/>\n<meta property=\"og:type\" content=\"article\" \/>\n<meta property=\"og:title\" content=\"&quot;Choker&quot; Kaelakee Valge Kuld - KARINE PARRAS\" \/>\n<meta property=\"og:description\" content=\"Chokeri disain toob kokku valge kulla klassikalise elegantsuse ja teemantide s\u00e4ra. \u0160ikk kaekalee, mis t\u00f5stab esile naturaalse ilu.\" \/>\n<meta property=\"og:url\" content=\"https:\/\/karineparras.com\/et\/product\/choker-kaelakee-valgest-kullast\/\" \/>\n<meta property=\"og:site_name\" content=\"KARINE PARRAS\" \/>\n<meta property=\"article:publisher\" content=\"https:\/\/www.facebook.com\/karineparras\" \/>\n<meta property=\"article:modified_time\" content=\"2025-03-25T15:18:57+00:00\" \/>\n<meta property=\"og:image\" content=\"https:\/\/karineparras.com\/wp-content\/uploads\/2023\/11\/KPweb-chocker-wg-white-gold-diamonds-necklace-product.jpg\" \/>\n\t<meta property=\"og:image:width\" content=\"1152\" \/>\n\t<meta property=\"og:image:height\" content=\"1536\" \/>\n\t<meta property=\"og:image:type\" content=\"image\/jpeg\" \/>\n<meta name=\"twitter:card\" content=\"summary_large_image\" \/>\n<script type=\"application\/ld+json\" class=\"yoast-schema-graph\">{\"@context\":\"https:\\\/\\\/schema.org\",\"@graph\":[{\"@type\":\"WebPage\",\"@id\":\"https:\\\/\\\/karineparras.com\\\/et\\\/product\\\/choker-kaelakee-valgest-kullast\\\/\",\"url\":\"https:\\\/\\\/karineparras.com\\\/et\\\/product\\\/choker-kaelakee-valgest-kullast\\\/\",\"name\":\"\\\"Choker\\\" Kaelakee Valge Kuld - KARINE PARRAS\",\"isPartOf\":{\"@id\":\"https:\\\/\\\/karineparras.com\\\/et\\\/#website\"},\"primaryImageOfPage\":{\"@id\":\"https:\\\/\\\/karineparras.com\\\/et\\\/product\\\/choker-kaelakee-valgest-kullast\\\/#primaryimage\"},\"image\":{\"@id\":\"https:\\\/\\\/karineparras.com\\\/et\\\/product\\\/choker-kaelakee-valgest-kullast\\\/#primaryimage\"},\"thumbnailUrl\":\"https:\\\/\\\/karineparras.com\\\/wp-content\\\/uploads\\\/2023\\\/11\\\/KPweb-chocker-wg-white-gold-diamonds-necklace-product.jpg\",\"datePublished\":\"2023-11-29T10:57:42+00:00\",\"dateModified\":\"2025-03-25T15:18:57+00:00\",\"description\":\"Chokeri disain toob kokku valge kulla klassikalise elegantsuse ja teemantide s\u00e4ra. \u0160ikk kaekalee, mis t\u00f5stab esile naturaalse ilu.\",\"breadcrumb\":{\"@id\":\"https:\\\/\\\/karineparras.com\\\/et\\\/product\\\/choker-kaelakee-valgest-kullast\\\/#breadcrumb\"},\"inLanguage\":\"et\",\"potentialAction\":[{\"@type\":\"ReadAction\",\"target\":[\"https:\\\/\\\/karineparras.com\\\/et\\\/product\\\/choker-kaelakee-valgest-kullast\\\/\"]}]},{\"@type\":\"ImageObject\",\"inLanguage\":\"et\",\"@id\":\"https:\\\/\\\/karineparras.com\\\/et\\\/product\\\/choker-kaelakee-valgest-kullast\\\/#primaryimage\",\"url\":\"https:\\\/\\\/karineparras.com\\\/wp-content\\\/uploads\\\/2023\\\/11\\\/KPweb-chocker-wg-white-gold-diamonds-necklace-product.jpg\",\"contentUrl\":\"https:\\\/\\\/karineparras.com\\\/wp-content\\\/uploads\\\/2023\\\/11\\\/KPweb-chocker-wg-white-gold-diamonds-necklace-product.jpg\",\"width\":1152,\"height\":1536},{\"@type\":\"BreadcrumbList\",\"@id\":\"https:\\\/\\\/karineparras.com\\\/et\\\/product\\\/choker-kaelakee-valgest-kullast\\\/#breadcrumb\",\"itemListElement\":[{\"@type\":\"ListItem\",\"position\":1,\"name\":\"Home\",\"item\":\"https:\\\/\\\/karineparras.com\\\/et\\\/karine-parras\\\/\"},{\"@type\":\"ListItem\",\"position\":2,\"name\":\"Pood\",\"item\":\"https:\\\/\\\/karineparras.com\\\/et\\\/pood\\\/\"},{\"@type\":\"ListItem\",\"position\":3,\"name\":\"&#8220;Choker&#8221; Kaelakee Valge Kuld\"}]},{\"@type\":\"WebSite\",\"@id\":\"https:\\\/\\\/karineparras.com\\\/et\\\/#website\",\"url\":\"https:\\\/\\\/karineparras.com\\\/et\\\/\",\"name\":\"KARINE PARRAS\",\"description\":\"\",\"publisher\":{\"@id\":\"https:\\\/\\\/karineparras.com\\\/et\\\/#organization\"},\"potentialAction\":[{\"@type\":\"SearchAction\",\"target\":{\"@type\":\"EntryPoint\",\"urlTemplate\":\"https:\\\/\\\/karineparras.com\\\/et\\\/?s={search_term_string}\"},\"query-input\":{\"@type\":\"PropertyValueSpecification\",\"valueRequired\":true,\"valueName\":\"search_term_string\"}}],\"inLanguage\":\"et\"},{\"@type\":\"Organization\",\"@id\":\"https:\\\/\\\/karineparras.com\\\/et\\\/#organization\",\"name\":\"KARINE PARRAS\",\"url\":\"https:\\\/\\\/karineparras.com\\\/et\\\/\",\"logo\":{\"@type\":\"ImageObject\",\"inLanguage\":\"et\",\"@id\":\"https:\\\/\\\/karineparras.com\\\/et\\\/#\\\/schema\\\/logo\\\/image\\\/\",\"url\":\"https:\\\/\\\/karineparras.com\\\/wp-content\\\/uploads\\\/2023\\\/12\\\/logo-header.png\",\"contentUrl\":\"https:\\\/\\\/karineparras.com\\\/wp-content\\\/uploads\\\/2023\\\/12\\\/logo-header.png\",\"width\":1000,\"height\":60,\"caption\":\"KARINE PARRAS\"},\"image\":{\"@id\":\"https:\\\/\\\/karineparras.com\\\/et\\\/#\\\/schema\\\/logo\\\/image\\\/\"},\"sameAs\":[\"https:\\\/\\\/www.facebook.com\\\/karineparras\",\"https:\\\/\\\/www.instagram.com\\\/karineparras\\\/\"]}]}<\/script>\n<!-- \/ Yoast SEO plugin. -->","yoast_head_json":{"title":"\"Choker\" Kaelakee Valge Kuld - KARINE PARRAS","description":"Chokeri disain toob kokku valge kulla klassikalise elegantsuse ja teemantide s\u00e4ra. \u0160ikk kaekalee, mis t\u00f5stab esile naturaalse ilu.","robots":{"index":"index","follow":"follow","max-snippet":"max-snippet:-1","max-image-preview":"max-image-preview:large","max-video-preview":"max-video-preview:-1"},"canonical":"https:\/\/karineparras.com\/et\/product\/choker-kaelakee-valgest-kullast\/","og_locale":"et_EE","og_type":"article","og_title":"\"Choker\" Kaelakee Valge Kuld - KARINE PARRAS","og_description":"Chokeri disain toob kokku valge kulla klassikalise elegantsuse ja teemantide s\u00e4ra. \u0160ikk kaekalee, mis t\u00f5stab esile naturaalse ilu.","og_url":"https:\/\/karineparras.com\/et\/product\/choker-kaelakee-valgest-kullast\/","og_site_name":"KARINE PARRAS","article_publisher":"https:\/\/www.facebook.com\/karineparras","article_modified_time":"2025-03-25T15:18:57+00:00","og_image":[{"width":1152,"height":1536,"url":"https:\/\/karineparras.com\/wp-content\/uploads\/2023\/11\/KPweb-chocker-wg-white-gold-diamonds-necklace-product.jpg","type":"image\/jpeg"}],"twitter_card":"summary_large_image","schema":{"@context":"https:\/\/schema.org","@graph":[{"@type":"WebPage","@id":"https:\/\/karineparras.com\/et\/product\/choker-kaelakee-valgest-kullast\/","url":"https:\/\/karineparras.com\/et\/product\/choker-kaelakee-valgest-kullast\/","name":"\"Choker\" Kaelakee Valge Kuld - KARINE PARRAS","isPartOf":{"@id":"https:\/\/karineparras.com\/et\/#website"},"primaryImageOfPage":{"@id":"https:\/\/karineparras.com\/et\/product\/choker-kaelakee-valgest-kullast\/#primaryimage"},"image":{"@id":"https:\/\/karineparras.com\/et\/product\/choker-kaelakee-valgest-kullast\/#primaryimage"},"thumbnailUrl":"https:\/\/karineparras.com\/wp-content\/uploads\/2023\/11\/KPweb-chocker-wg-white-gold-diamonds-necklace-product.jpg","datePublished":"2023-11-29T10:57:42+00:00","dateModified":"2025-03-25T15:18:57+00:00","description":"Chokeri disain toob kokku valge kulla klassikalise elegantsuse ja teemantide s\u00e4ra. \u0160ikk kaekalee, mis t\u00f5stab esile naturaalse ilu.","breadcrumb":{"@id":"https:\/\/karineparras.com\/et\/product\/choker-kaelakee-valgest-kullast\/#breadcrumb"},"inLanguage":"et","potentialAction":[{"@type":"ReadAction","target":["https:\/\/karineparras.com\/et\/product\/choker-kaelakee-valgest-kullast\/"]}]},{"@type":"ImageObject","inLanguage":"et","@id":"https:\/\/karineparras.com\/et\/product\/choker-kaelakee-valgest-kullast\/#primaryimage","url":"https:\/\/karineparras.com\/wp-content\/uploads\/2023\/11\/KPweb-chocker-wg-white-gold-diamonds-necklace-product.jpg","contentUrl":"https:\/\/karineparras.com\/wp-content\/uploads\/2023\/11\/KPweb-chocker-wg-white-gold-diamonds-necklace-product.jpg","width":1152,"height":1536},{"@type":"BreadcrumbList","@id":"https:\/\/karineparras.com\/et\/product\/choker-kaelakee-valgest-kullast\/#breadcrumb","itemListElement":[{"@type":"ListItem","position":1,"name":"Home","item":"https:\/\/karineparras.com\/et\/karine-parras\/"},{"@type":"ListItem","position":2,"name":"Pood","item":"https:\/\/karineparras.com\/et\/pood\/"},{"@type":"ListItem","position":3,"name":"&#8220;Choker&#8221; Kaelakee Valge Kuld"}]},{"@type":"WebSite","@id":"https:\/\/karineparras.com\/et\/#website","url":"https:\/\/karineparras.com\/et\/","name":"KARINE PARRAS","description":"","publisher":{"@id":"https:\/\/karineparras.com\/et\/#organization"},"potentialAction":[{"@type":"SearchAction","target":{"@type":"EntryPoint","urlTemplate":"https:\/\/karineparras.com\/et\/?s={search_term_string}"},"query-input":{"@type":"PropertyValueSpecification","valueRequired":true,"valueName":"search_term_string"}}],"inLanguage":"et"},{"@type":"Organization","@id":"https:\/\/karineparras.com\/et\/#organization","name":"KARINE PARRAS","url":"https:\/\/karineparras.com\/et\/","logo":{"@type":"ImageObject","inLanguage":"et","@id":"https:\/\/karineparras.com\/et\/#\/schema\/logo\/image\/","url":"https:\/\/karineparras.com\/wp-content\/uploads\/2023\/12\/logo-header.png","contentUrl":"https:\/\/karineparras.com\/wp-content\/uploads\/2023\/12\/logo-header.png","width":1000,"height":60,"caption":"KARINE PARRAS"},"image":{"@id":"https:\/\/karineparras.com\/et\/#\/schema\/logo\/image\/"},"sameAs":["https:\/\/www.facebook.com\/karineparras","https:\/\/www.instagram.com\/karineparras\/"]}]}},"_links":{"self":[{"href":"https:\/\/karineparras.com\/et\/wp-json\/wp\/v2\/product\/25872","targetHints":{"allow":["GET"]}}],"collection":[{"href":"https:\/\/karineparras.com\/et\/wp-json\/wp\/v2\/product"}],"about":[{"href":"https:\/\/karineparras.com\/et\/wp-json\/wp\/v2\/types\/product"}],"wp:featuredmedia":[{"embeddable":true,"href":"https:\/\/karineparras.com\/et\/wp-json\/wp\/v2\/media\/25784"}],"wp:attachment":[{"href":"https:\/\/karineparras.com\/et\/wp-json\/wp\/v2\/media?parent=25872"}],"wp:term":[{"taxonomy":"product_brand","embeddable":true,"href":"https:\/\/karineparras.com\/et\/wp-json\/wp\/v2\/product_brand?post=25872"},{"taxonomy":"product_cat","embeddable":true,"href":"https:\/\/karineparras.com\/et\/wp-json\/wp\/v2\/product_cat?post=25872"},{"taxonomy":"product_tag","embeddable":true,"href":"https:\/\/karineparras.com\/et\/wp-json\/wp\/v2\/product_tag?post=25872"}],"curies":[{"name":"wp","href":"https:\/\/api.w.org\/{rel}","templated":true}]}}