{"id":25861,"date":"2024-06-06T12:57:47","date_gmt":"2024-06-06T09:57:47","guid":{"rendered":"https:\/\/karineparras.com\/product\/choker-kaelakee-roosakas-kuldne\/"},"modified":"2025-03-27T14:52:11","modified_gmt":"2025-03-27T12:52:11","slug":"choker-kaelakee-roosakas-kuldne","status":"publish","type":"product","link":"https:\/\/karineparras.com\/et\/product\/choker-kaelakee-roosakas-kuldne\/","title":{"rendered":"&#8220;Choker&#8221; Teemandid Roosa Kuld"},"content":{"rendered":"","protected":false},"excerpt":{"rendered":"<p>See \u00f5rn choker on kaunistatud rida kvaliteetsete laborteemantidega, mille kogukaal on 1,50 karaati. Teemandid on \u00fcmbritsetud roosa kull\u00f6aga. Teemantite ajatu ilu ja kulla sile elegants annavad sellele kaelakeele k\u00f5rge klassi, t\u00e4iustades igat kandjat. <\/p>\n<ul>\n<li>18K roosa kuld<\/li>\n<li>1.50 ctw FG VS laboriteemandid<\/li>\n<\/ul>\n","protected":false},"featured_media":25783,"template":"","meta":{"_themeisle_gutenberg_block_has_review":false},"product_brand":[],"product_cat":[440,443],"product_tag":[],"class_list":{"0":"post-25861","1":"product","2":"type-product","3":"status-publish","4":"has-post-thumbnail","6":"product_cat-fine-jewellery-liinid","7":"product_cat-kaelakeed","9":"first","10":"instock","11":"shipping-taxable","12":"purchasable","13":"product-type-variable"},"yoast_head":"<!-- This site is optimized with the Yoast SEO plugin v27.3 - https:\/\/yoast.com\/product\/yoast-seo-wordpress\/ -->\n<title>&quot;Choker&quot; Teemandid Roosa Kuld - KARINE PARRAS<\/title>\n<meta name=\"description\" content=\"Imekaunis teemantide rida kogusummas on 1.50 karaati. Chokeri disain toob kokku roosa kulla klassikalise elegantsuse ja teemantide s\u00e4ra.\" \/>\n<meta name=\"robots\" content=\"index, follow, max-snippet:-1, max-image-preview:large, max-video-preview:-1\" \/>\n<link rel=\"canonical\" href=\"https:\/\/karineparras.com\/et\/product\/choker-kaelakee-roosakas-kuldne\/\" \/>\n<meta property=\"og:locale\" content=\"et_EE\" \/>\n<meta property=\"og:type\" content=\"article\" \/>\n<meta property=\"og:title\" content=\"&quot;Choker&quot; Teemandid Roosa Kuld - KARINE PARRAS\" \/>\n<meta property=\"og:description\" content=\"Imekaunis teemantide rida kogusummas on 1.50 karaati. Chokeri disain toob kokku roosa kulla klassikalise elegantsuse ja teemantide s\u00e4ra.\" \/>\n<meta property=\"og:url\" content=\"https:\/\/karineparras.com\/et\/product\/choker-kaelakee-roosakas-kuldne\/\" \/>\n<meta property=\"og:site_name\" content=\"KARINE PARRAS\" \/>\n<meta property=\"article:publisher\" content=\"https:\/\/www.facebook.com\/karineparras\" \/>\n<meta property=\"article:modified_time\" content=\"2025-03-27T12:52:11+00:00\" \/>\n<meta property=\"og:image\" content=\"https:\/\/karineparras.com\/wp-content\/uploads\/2023\/11\/KPweb-chocker-rg-rose-gold-diamonds-necklace-product.jpg\" \/>\n\t<meta property=\"og:image:width\" content=\"1152\" \/>\n\t<meta property=\"og:image:height\" content=\"1536\" \/>\n\t<meta property=\"og:image:type\" content=\"image\/jpeg\" \/>\n<meta name=\"twitter:card\" content=\"summary_large_image\" \/>\n<script type=\"application\/ld+json\" class=\"yoast-schema-graph\">{\"@context\":\"https:\\\/\\\/schema.org\",\"@graph\":[{\"@type\":\"WebPage\",\"@id\":\"https:\\\/\\\/karineparras.com\\\/et\\\/product\\\/choker-kaelakee-roosakas-kuldne\\\/\",\"url\":\"https:\\\/\\\/karineparras.com\\\/et\\\/product\\\/choker-kaelakee-roosakas-kuldne\\\/\",\"name\":\"\\\"Choker\\\" Teemandid Roosa Kuld - KARINE PARRAS\",\"isPartOf\":{\"@id\":\"https:\\\/\\\/karineparras.com\\\/et\\\/#website\"},\"primaryImageOfPage\":{\"@id\":\"https:\\\/\\\/karineparras.com\\\/et\\\/product\\\/choker-kaelakee-roosakas-kuldne\\\/#primaryimage\"},\"image\":{\"@id\":\"https:\\\/\\\/karineparras.com\\\/et\\\/product\\\/choker-kaelakee-roosakas-kuldne\\\/#primaryimage\"},\"thumbnailUrl\":\"https:\\\/\\\/karineparras.com\\\/wp-content\\\/uploads\\\/2023\\\/11\\\/KPweb-chocker-rg-rose-gold-diamonds-necklace-product.jpg\",\"datePublished\":\"2024-06-06T09:57:47+00:00\",\"dateModified\":\"2025-03-27T12:52:11+00:00\",\"description\":\"Imekaunis teemantide rida kogusummas on 1.50 karaati. Chokeri disain toob kokku roosa kulla klassikalise elegantsuse ja teemantide s\u00e4ra.\",\"breadcrumb\":{\"@id\":\"https:\\\/\\\/karineparras.com\\\/et\\\/product\\\/choker-kaelakee-roosakas-kuldne\\\/#breadcrumb\"},\"inLanguage\":\"et\",\"potentialAction\":[{\"@type\":\"ReadAction\",\"target\":[\"https:\\\/\\\/karineparras.com\\\/et\\\/product\\\/choker-kaelakee-roosakas-kuldne\\\/\"]}]},{\"@type\":\"ImageObject\",\"inLanguage\":\"et\",\"@id\":\"https:\\\/\\\/karineparras.com\\\/et\\\/product\\\/choker-kaelakee-roosakas-kuldne\\\/#primaryimage\",\"url\":\"https:\\\/\\\/karineparras.com\\\/wp-content\\\/uploads\\\/2023\\\/11\\\/KPweb-chocker-rg-rose-gold-diamonds-necklace-product.jpg\",\"contentUrl\":\"https:\\\/\\\/karineparras.com\\\/wp-content\\\/uploads\\\/2023\\\/11\\\/KPweb-chocker-rg-rose-gold-diamonds-necklace-product.jpg\",\"width\":1152,\"height\":1536},{\"@type\":\"BreadcrumbList\",\"@id\":\"https:\\\/\\\/karineparras.com\\\/et\\\/product\\\/choker-kaelakee-roosakas-kuldne\\\/#breadcrumb\",\"itemListElement\":[{\"@type\":\"ListItem\",\"position\":1,\"name\":\"Home\",\"item\":\"https:\\\/\\\/karineparras.com\\\/et\\\/karine-parras\\\/\"},{\"@type\":\"ListItem\",\"position\":2,\"name\":\"Pood\",\"item\":\"https:\\\/\\\/karineparras.com\\\/et\\\/pood\\\/\"},{\"@type\":\"ListItem\",\"position\":3,\"name\":\"&#8220;Choker&#8221; Teemandid Roosa Kuld\"}]},{\"@type\":\"WebSite\",\"@id\":\"https:\\\/\\\/karineparras.com\\\/et\\\/#website\",\"url\":\"https:\\\/\\\/karineparras.com\\\/et\\\/\",\"name\":\"KARINE PARRAS\",\"description\":\"\",\"publisher\":{\"@id\":\"https:\\\/\\\/karineparras.com\\\/et\\\/#organization\"},\"potentialAction\":[{\"@type\":\"SearchAction\",\"target\":{\"@type\":\"EntryPoint\",\"urlTemplate\":\"https:\\\/\\\/karineparras.com\\\/et\\\/?s={search_term_string}\"},\"query-input\":{\"@type\":\"PropertyValueSpecification\",\"valueRequired\":true,\"valueName\":\"search_term_string\"}}],\"inLanguage\":\"et\"},{\"@type\":\"Organization\",\"@id\":\"https:\\\/\\\/karineparras.com\\\/et\\\/#organization\",\"name\":\"KARINE PARRAS\",\"url\":\"https:\\\/\\\/karineparras.com\\\/et\\\/\",\"logo\":{\"@type\":\"ImageObject\",\"inLanguage\":\"et\",\"@id\":\"https:\\\/\\\/karineparras.com\\\/et\\\/#\\\/schema\\\/logo\\\/image\\\/\",\"url\":\"https:\\\/\\\/karineparras.com\\\/wp-content\\\/uploads\\\/2023\\\/12\\\/logo-header.png\",\"contentUrl\":\"https:\\\/\\\/karineparras.com\\\/wp-content\\\/uploads\\\/2023\\\/12\\\/logo-header.png\",\"width\":1000,\"height\":60,\"caption\":\"KARINE PARRAS\"},\"image\":{\"@id\":\"https:\\\/\\\/karineparras.com\\\/et\\\/#\\\/schema\\\/logo\\\/image\\\/\"},\"sameAs\":[\"https:\\\/\\\/www.facebook.com\\\/karineparras\",\"https:\\\/\\\/www.instagram.com\\\/karineparras\\\/\"]}]}<\/script>\n<!-- \/ Yoast SEO plugin. -->","yoast_head_json":{"title":"\"Choker\" Teemandid Roosa Kuld - KARINE PARRAS","description":"Imekaunis teemantide rida kogusummas on 1.50 karaati. Chokeri disain toob kokku roosa kulla klassikalise elegantsuse ja teemantide s\u00e4ra.","robots":{"index":"index","follow":"follow","max-snippet":"max-snippet:-1","max-image-preview":"max-image-preview:large","max-video-preview":"max-video-preview:-1"},"canonical":"https:\/\/karineparras.com\/et\/product\/choker-kaelakee-roosakas-kuldne\/","og_locale":"et_EE","og_type":"article","og_title":"\"Choker\" Teemandid Roosa Kuld - KARINE PARRAS","og_description":"Imekaunis teemantide rida kogusummas on 1.50 karaati. Chokeri disain toob kokku roosa kulla klassikalise elegantsuse ja teemantide s\u00e4ra.","og_url":"https:\/\/karineparras.com\/et\/product\/choker-kaelakee-roosakas-kuldne\/","og_site_name":"KARINE PARRAS","article_publisher":"https:\/\/www.facebook.com\/karineparras","article_modified_time":"2025-03-27T12:52:11+00:00","og_image":[{"width":1152,"height":1536,"url":"https:\/\/karineparras.com\/wp-content\/uploads\/2023\/11\/KPweb-chocker-rg-rose-gold-diamonds-necklace-product.jpg","type":"image\/jpeg"}],"twitter_card":"summary_large_image","schema":{"@context":"https:\/\/schema.org","@graph":[{"@type":"WebPage","@id":"https:\/\/karineparras.com\/et\/product\/choker-kaelakee-roosakas-kuldne\/","url":"https:\/\/karineparras.com\/et\/product\/choker-kaelakee-roosakas-kuldne\/","name":"\"Choker\" Teemandid Roosa Kuld - KARINE PARRAS","isPartOf":{"@id":"https:\/\/karineparras.com\/et\/#website"},"primaryImageOfPage":{"@id":"https:\/\/karineparras.com\/et\/product\/choker-kaelakee-roosakas-kuldne\/#primaryimage"},"image":{"@id":"https:\/\/karineparras.com\/et\/product\/choker-kaelakee-roosakas-kuldne\/#primaryimage"},"thumbnailUrl":"https:\/\/karineparras.com\/wp-content\/uploads\/2023\/11\/KPweb-chocker-rg-rose-gold-diamonds-necklace-product.jpg","datePublished":"2024-06-06T09:57:47+00:00","dateModified":"2025-03-27T12:52:11+00:00","description":"Imekaunis teemantide rida kogusummas on 1.50 karaati. Chokeri disain toob kokku roosa kulla klassikalise elegantsuse ja teemantide s\u00e4ra.","breadcrumb":{"@id":"https:\/\/karineparras.com\/et\/product\/choker-kaelakee-roosakas-kuldne\/#breadcrumb"},"inLanguage":"et","potentialAction":[{"@type":"ReadAction","target":["https:\/\/karineparras.com\/et\/product\/choker-kaelakee-roosakas-kuldne\/"]}]},{"@type":"ImageObject","inLanguage":"et","@id":"https:\/\/karineparras.com\/et\/product\/choker-kaelakee-roosakas-kuldne\/#primaryimage","url":"https:\/\/karineparras.com\/wp-content\/uploads\/2023\/11\/KPweb-chocker-rg-rose-gold-diamonds-necklace-product.jpg","contentUrl":"https:\/\/karineparras.com\/wp-content\/uploads\/2023\/11\/KPweb-chocker-rg-rose-gold-diamonds-necklace-product.jpg","width":1152,"height":1536},{"@type":"BreadcrumbList","@id":"https:\/\/karineparras.com\/et\/product\/choker-kaelakee-roosakas-kuldne\/#breadcrumb","itemListElement":[{"@type":"ListItem","position":1,"name":"Home","item":"https:\/\/karineparras.com\/et\/karine-parras\/"},{"@type":"ListItem","position":2,"name":"Pood","item":"https:\/\/karineparras.com\/et\/pood\/"},{"@type":"ListItem","position":3,"name":"&#8220;Choker&#8221; Teemandid Roosa Kuld"}]},{"@type":"WebSite","@id":"https:\/\/karineparras.com\/et\/#website","url":"https:\/\/karineparras.com\/et\/","name":"KARINE PARRAS","description":"","publisher":{"@id":"https:\/\/karineparras.com\/et\/#organization"},"potentialAction":[{"@type":"SearchAction","target":{"@type":"EntryPoint","urlTemplate":"https:\/\/karineparras.com\/et\/?s={search_term_string}"},"query-input":{"@type":"PropertyValueSpecification","valueRequired":true,"valueName":"search_term_string"}}],"inLanguage":"et"},{"@type":"Organization","@id":"https:\/\/karineparras.com\/et\/#organization","name":"KARINE PARRAS","url":"https:\/\/karineparras.com\/et\/","logo":{"@type":"ImageObject","inLanguage":"et","@id":"https:\/\/karineparras.com\/et\/#\/schema\/logo\/image\/","url":"https:\/\/karineparras.com\/wp-content\/uploads\/2023\/12\/logo-header.png","contentUrl":"https:\/\/karineparras.com\/wp-content\/uploads\/2023\/12\/logo-header.png","width":1000,"height":60,"caption":"KARINE PARRAS"},"image":{"@id":"https:\/\/karineparras.com\/et\/#\/schema\/logo\/image\/"},"sameAs":["https:\/\/www.facebook.com\/karineparras","https:\/\/www.instagram.com\/karineparras\/"]}]}},"_links":{"self":[{"href":"https:\/\/karineparras.com\/et\/wp-json\/wp\/v2\/product\/25861","targetHints":{"allow":["GET"]}}],"collection":[{"href":"https:\/\/karineparras.com\/et\/wp-json\/wp\/v2\/product"}],"about":[{"href":"https:\/\/karineparras.com\/et\/wp-json\/wp\/v2\/types\/product"}],"wp:featuredmedia":[{"embeddable":true,"href":"https:\/\/karineparras.com\/et\/wp-json\/wp\/v2\/media\/25783"}],"wp:attachment":[{"href":"https:\/\/karineparras.com\/et\/wp-json\/wp\/v2\/media?parent=25861"}],"wp:term":[{"taxonomy":"product_brand","embeddable":true,"href":"https:\/\/karineparras.com\/et\/wp-json\/wp\/v2\/product_brand?post=25861"},{"taxonomy":"product_cat","embeddable":true,"href":"https:\/\/karineparras.com\/et\/wp-json\/wp\/v2\/product_cat?post=25861"},{"taxonomy":"product_tag","embeddable":true,"href":"https:\/\/karineparras.com\/et\/wp-json\/wp\/v2\/product_tag?post=25861"}],"curies":[{"name":"wp","href":"https:\/\/api.w.org\/{rel}","templated":true}]}}