{"id":25859,"date":"2024-01-29T12:58:42","date_gmt":"2024-01-29T10:58:42","guid":{"rendered":"https:\/\/karineparras.com\/product\/carbon-on-carbon-kaelakee-roosakas-kuldne\/"},"modified":"2025-03-26T16:22:43","modified_gmt":"2025-03-26T14:22:43","slug":"carbon-on-carbon-kaelakee-roosakas-kuldne","status":"publish","type":"product","link":"https:\/\/karineparras.com\/et\/product\/carbon-on-carbon-kaelakee-roosakas-kuldne\/","title":{"rendered":"&#8220;Carbon on Carbon&#8221; Kaelakee Roosa Kuld"},"content":{"rendered":"","protected":false},"excerpt":{"rendered":"<p><a href=\"https:\/\/karineparras.com\/product-category\/fine-jewellery-lines\/carbon-on-carbon\/\" target=\"_blank\" rel=\"noopener\">CARBON ON CARBON<\/a><\/p>\n<p>As\u00fcmmeetriline kaelakee, kus s\u00fcsinik, roosa kuld ja laboriteemandid on meisterlikult kombineeritud. Juveeli s\u00fcsinikkaar on seest kaunistatud roosa kullaga ja teemantidega, lisades tugevale kontrastile s\u00e4ra. Hoolikalt paigutatud teemandid loovad elegantse valguse ja tekstuuri m\u00e4ngu.<\/p>\n<ul>\n<li>18K roosa kuld<\/li>\n<li>3 x 0.10 ct (kokku 0.30 ctw) EF VS laboriteemandid<\/li>\n<li>S\u00fcsinik<\/li>\n<\/ul>\n","protected":false},"featured_media":25782,"template":"","meta":{"_themeisle_gutenberg_block_has_review":false},"product_brand":[],"product_cat":[444,440,443],"product_tag":[],"class_list":{"0":"post-25859","1":"product","2":"type-product","3":"status-publish","4":"has-post-thumbnail","6":"product_cat-carbon-on-carbon-et","7":"product_cat-fine-jewellery-liinid","8":"product_cat-kaelakeed","10":"first","11":"outofstock","12":"shipping-taxable","13":"purchasable","14":"product-type-simple"},"yoast_head":"<!-- This site is optimized with the Yoast SEO plugin v27.3 - https:\/\/yoast.com\/product\/yoast-seo-wordpress\/ -->\n<title>&quot;Carbon on Carbon&quot; Kaelakee Roosa Kuld - KARINE PARRAS<\/title>\n<meta name=\"description\" content=\"S\u00fcsinikust ringi sisek\u00fcljed on kaunistatud roosa kullaga. Kaelakee kaarel jooksevad kolm teemanti.\" \/>\n<meta name=\"robots\" content=\"index, follow, max-snippet:-1, max-image-preview:large, max-video-preview:-1\" \/>\n<link rel=\"canonical\" href=\"https:\/\/karineparras.com\/et\/product\/carbon-on-carbon-kaelakee-roosakas-kuldne\/\" \/>\n<meta property=\"og:locale\" content=\"et_EE\" \/>\n<meta property=\"og:type\" content=\"article\" \/>\n<meta property=\"og:title\" content=\"&quot;Carbon on Carbon&quot; Kaelakee Roosa Kuld - KARINE PARRAS\" \/>\n<meta property=\"og:description\" content=\"S\u00fcsinikust ringi sisek\u00fcljed on kaunistatud roosa kullaga. Kaelakee kaarel jooksevad kolm teemanti.\" \/>\n<meta property=\"og:url\" content=\"https:\/\/karineparras.com\/et\/product\/carbon-on-carbon-kaelakee-roosakas-kuldne\/\" \/>\n<meta property=\"og:site_name\" content=\"KARINE PARRAS\" \/>\n<meta property=\"article:publisher\" content=\"https:\/\/www.facebook.com\/karineparras\" \/>\n<meta property=\"article:modified_time\" content=\"2025-03-26T14:22:43+00:00\" \/>\n<meta property=\"og:image\" content=\"https:\/\/karineparras.com\/wp-content\/uploads\/2023\/11\/KPweb_carbon_on_carbon_necklace_small_rg.jpg\" \/>\n\t<meta property=\"og:image:width\" content=\"1152\" \/>\n\t<meta property=\"og:image:height\" content=\"1536\" \/>\n\t<meta property=\"og:image:type\" content=\"image\/jpeg\" \/>\n<meta name=\"twitter:card\" content=\"summary_large_image\" \/>\n<script type=\"application\/ld+json\" class=\"yoast-schema-graph\">{\"@context\":\"https:\\\/\\\/schema.org\",\"@graph\":[{\"@type\":\"WebPage\",\"@id\":\"https:\\\/\\\/karineparras.com\\\/et\\\/product\\\/carbon-on-carbon-kaelakee-roosakas-kuldne\\\/\",\"url\":\"https:\\\/\\\/karineparras.com\\\/et\\\/product\\\/carbon-on-carbon-kaelakee-roosakas-kuldne\\\/\",\"name\":\"\\\"Carbon on Carbon\\\" Kaelakee Roosa Kuld - KARINE PARRAS\",\"isPartOf\":{\"@id\":\"https:\\\/\\\/karineparras.com\\\/et\\\/#website\"},\"primaryImageOfPage\":{\"@id\":\"https:\\\/\\\/karineparras.com\\\/et\\\/product\\\/carbon-on-carbon-kaelakee-roosakas-kuldne\\\/#primaryimage\"},\"image\":{\"@id\":\"https:\\\/\\\/karineparras.com\\\/et\\\/product\\\/carbon-on-carbon-kaelakee-roosakas-kuldne\\\/#primaryimage\"},\"thumbnailUrl\":\"https:\\\/\\\/karineparras.com\\\/wp-content\\\/uploads\\\/2023\\\/11\\\/KPweb_carbon_on_carbon_necklace_small_rg.jpg\",\"datePublished\":\"2024-01-29T10:58:42+00:00\",\"dateModified\":\"2025-03-26T14:22:43+00:00\",\"description\":\"S\u00fcsinikust ringi sisek\u00fcljed on kaunistatud roosa kullaga. Kaelakee kaarel jooksevad kolm teemanti.\",\"breadcrumb\":{\"@id\":\"https:\\\/\\\/karineparras.com\\\/et\\\/product\\\/carbon-on-carbon-kaelakee-roosakas-kuldne\\\/#breadcrumb\"},\"inLanguage\":\"et\",\"potentialAction\":[{\"@type\":\"ReadAction\",\"target\":[\"https:\\\/\\\/karineparras.com\\\/et\\\/product\\\/carbon-on-carbon-kaelakee-roosakas-kuldne\\\/\"]}]},{\"@type\":\"ImageObject\",\"inLanguage\":\"et\",\"@id\":\"https:\\\/\\\/karineparras.com\\\/et\\\/product\\\/carbon-on-carbon-kaelakee-roosakas-kuldne\\\/#primaryimage\",\"url\":\"https:\\\/\\\/karineparras.com\\\/wp-content\\\/uploads\\\/2023\\\/11\\\/KPweb_carbon_on_carbon_necklace_small_rg.jpg\",\"contentUrl\":\"https:\\\/\\\/karineparras.com\\\/wp-content\\\/uploads\\\/2023\\\/11\\\/KPweb_carbon_on_carbon_necklace_small_rg.jpg\",\"width\":1152,\"height\":1536},{\"@type\":\"BreadcrumbList\",\"@id\":\"https:\\\/\\\/karineparras.com\\\/et\\\/product\\\/carbon-on-carbon-kaelakee-roosakas-kuldne\\\/#breadcrumb\",\"itemListElement\":[{\"@type\":\"ListItem\",\"position\":1,\"name\":\"Home\",\"item\":\"https:\\\/\\\/karineparras.com\\\/et\\\/karine-parras\\\/\"},{\"@type\":\"ListItem\",\"position\":2,\"name\":\"Pood\",\"item\":\"https:\\\/\\\/karineparras.com\\\/et\\\/pood\\\/\"},{\"@type\":\"ListItem\",\"position\":3,\"name\":\"&#8220;Carbon on Carbon&#8221; Kaelakee Roosa Kuld\"}]},{\"@type\":\"WebSite\",\"@id\":\"https:\\\/\\\/karineparras.com\\\/et\\\/#website\",\"url\":\"https:\\\/\\\/karineparras.com\\\/et\\\/\",\"name\":\"KARINE PARRAS\",\"description\":\"\",\"publisher\":{\"@id\":\"https:\\\/\\\/karineparras.com\\\/et\\\/#organization\"},\"potentialAction\":[{\"@type\":\"SearchAction\",\"target\":{\"@type\":\"EntryPoint\",\"urlTemplate\":\"https:\\\/\\\/karineparras.com\\\/et\\\/?s={search_term_string}\"},\"query-input\":{\"@type\":\"PropertyValueSpecification\",\"valueRequired\":true,\"valueName\":\"search_term_string\"}}],\"inLanguage\":\"et\"},{\"@type\":\"Organization\",\"@id\":\"https:\\\/\\\/karineparras.com\\\/et\\\/#organization\",\"name\":\"KARINE PARRAS\",\"url\":\"https:\\\/\\\/karineparras.com\\\/et\\\/\",\"logo\":{\"@type\":\"ImageObject\",\"inLanguage\":\"et\",\"@id\":\"https:\\\/\\\/karineparras.com\\\/et\\\/#\\\/schema\\\/logo\\\/image\\\/\",\"url\":\"https:\\\/\\\/karineparras.com\\\/wp-content\\\/uploads\\\/2023\\\/12\\\/logo-header.png\",\"contentUrl\":\"https:\\\/\\\/karineparras.com\\\/wp-content\\\/uploads\\\/2023\\\/12\\\/logo-header.png\",\"width\":1000,\"height\":60,\"caption\":\"KARINE PARRAS\"},\"image\":{\"@id\":\"https:\\\/\\\/karineparras.com\\\/et\\\/#\\\/schema\\\/logo\\\/image\\\/\"},\"sameAs\":[\"https:\\\/\\\/www.facebook.com\\\/karineparras\",\"https:\\\/\\\/www.instagram.com\\\/karineparras\\\/\"]}]}<\/script>\n<!-- \/ Yoast SEO plugin. -->","yoast_head_json":{"title":"\"Carbon on Carbon\" Kaelakee Roosa Kuld - KARINE PARRAS","description":"S\u00fcsinikust ringi sisek\u00fcljed on kaunistatud roosa kullaga. Kaelakee kaarel jooksevad kolm teemanti.","robots":{"index":"index","follow":"follow","max-snippet":"max-snippet:-1","max-image-preview":"max-image-preview:large","max-video-preview":"max-video-preview:-1"},"canonical":"https:\/\/karineparras.com\/et\/product\/carbon-on-carbon-kaelakee-roosakas-kuldne\/","og_locale":"et_EE","og_type":"article","og_title":"\"Carbon on Carbon\" Kaelakee Roosa Kuld - KARINE PARRAS","og_description":"S\u00fcsinikust ringi sisek\u00fcljed on kaunistatud roosa kullaga. Kaelakee kaarel jooksevad kolm teemanti.","og_url":"https:\/\/karineparras.com\/et\/product\/carbon-on-carbon-kaelakee-roosakas-kuldne\/","og_site_name":"KARINE PARRAS","article_publisher":"https:\/\/www.facebook.com\/karineparras","article_modified_time":"2025-03-26T14:22:43+00:00","og_image":[{"width":1152,"height":1536,"url":"https:\/\/karineparras.com\/wp-content\/uploads\/2023\/11\/KPweb_carbon_on_carbon_necklace_small_rg.jpg","type":"image\/jpeg"}],"twitter_card":"summary_large_image","schema":{"@context":"https:\/\/schema.org","@graph":[{"@type":"WebPage","@id":"https:\/\/karineparras.com\/et\/product\/carbon-on-carbon-kaelakee-roosakas-kuldne\/","url":"https:\/\/karineparras.com\/et\/product\/carbon-on-carbon-kaelakee-roosakas-kuldne\/","name":"\"Carbon on Carbon\" Kaelakee Roosa Kuld - KARINE PARRAS","isPartOf":{"@id":"https:\/\/karineparras.com\/et\/#website"},"primaryImageOfPage":{"@id":"https:\/\/karineparras.com\/et\/product\/carbon-on-carbon-kaelakee-roosakas-kuldne\/#primaryimage"},"image":{"@id":"https:\/\/karineparras.com\/et\/product\/carbon-on-carbon-kaelakee-roosakas-kuldne\/#primaryimage"},"thumbnailUrl":"https:\/\/karineparras.com\/wp-content\/uploads\/2023\/11\/KPweb_carbon_on_carbon_necklace_small_rg.jpg","datePublished":"2024-01-29T10:58:42+00:00","dateModified":"2025-03-26T14:22:43+00:00","description":"S\u00fcsinikust ringi sisek\u00fcljed on kaunistatud roosa kullaga. Kaelakee kaarel jooksevad kolm teemanti.","breadcrumb":{"@id":"https:\/\/karineparras.com\/et\/product\/carbon-on-carbon-kaelakee-roosakas-kuldne\/#breadcrumb"},"inLanguage":"et","potentialAction":[{"@type":"ReadAction","target":["https:\/\/karineparras.com\/et\/product\/carbon-on-carbon-kaelakee-roosakas-kuldne\/"]}]},{"@type":"ImageObject","inLanguage":"et","@id":"https:\/\/karineparras.com\/et\/product\/carbon-on-carbon-kaelakee-roosakas-kuldne\/#primaryimage","url":"https:\/\/karineparras.com\/wp-content\/uploads\/2023\/11\/KPweb_carbon_on_carbon_necklace_small_rg.jpg","contentUrl":"https:\/\/karineparras.com\/wp-content\/uploads\/2023\/11\/KPweb_carbon_on_carbon_necklace_small_rg.jpg","width":1152,"height":1536},{"@type":"BreadcrumbList","@id":"https:\/\/karineparras.com\/et\/product\/carbon-on-carbon-kaelakee-roosakas-kuldne\/#breadcrumb","itemListElement":[{"@type":"ListItem","position":1,"name":"Home","item":"https:\/\/karineparras.com\/et\/karine-parras\/"},{"@type":"ListItem","position":2,"name":"Pood","item":"https:\/\/karineparras.com\/et\/pood\/"},{"@type":"ListItem","position":3,"name":"&#8220;Carbon on Carbon&#8221; Kaelakee Roosa Kuld"}]},{"@type":"WebSite","@id":"https:\/\/karineparras.com\/et\/#website","url":"https:\/\/karineparras.com\/et\/","name":"KARINE PARRAS","description":"","publisher":{"@id":"https:\/\/karineparras.com\/et\/#organization"},"potentialAction":[{"@type":"SearchAction","target":{"@type":"EntryPoint","urlTemplate":"https:\/\/karineparras.com\/et\/?s={search_term_string}"},"query-input":{"@type":"PropertyValueSpecification","valueRequired":true,"valueName":"search_term_string"}}],"inLanguage":"et"},{"@type":"Organization","@id":"https:\/\/karineparras.com\/et\/#organization","name":"KARINE PARRAS","url":"https:\/\/karineparras.com\/et\/","logo":{"@type":"ImageObject","inLanguage":"et","@id":"https:\/\/karineparras.com\/et\/#\/schema\/logo\/image\/","url":"https:\/\/karineparras.com\/wp-content\/uploads\/2023\/12\/logo-header.png","contentUrl":"https:\/\/karineparras.com\/wp-content\/uploads\/2023\/12\/logo-header.png","width":1000,"height":60,"caption":"KARINE PARRAS"},"image":{"@id":"https:\/\/karineparras.com\/et\/#\/schema\/logo\/image\/"},"sameAs":["https:\/\/www.facebook.com\/karineparras","https:\/\/www.instagram.com\/karineparras\/"]}]}},"_links":{"self":[{"href":"https:\/\/karineparras.com\/et\/wp-json\/wp\/v2\/product\/25859","targetHints":{"allow":["GET"]}}],"collection":[{"href":"https:\/\/karineparras.com\/et\/wp-json\/wp\/v2\/product"}],"about":[{"href":"https:\/\/karineparras.com\/et\/wp-json\/wp\/v2\/types\/product"}],"wp:featuredmedia":[{"embeddable":true,"href":"https:\/\/karineparras.com\/et\/wp-json\/wp\/v2\/media\/25782"}],"wp:attachment":[{"href":"https:\/\/karineparras.com\/et\/wp-json\/wp\/v2\/media?parent=25859"}],"wp:term":[{"taxonomy":"product_brand","embeddable":true,"href":"https:\/\/karineparras.com\/et\/wp-json\/wp\/v2\/product_brand?post=25859"},{"taxonomy":"product_cat","embeddable":true,"href":"https:\/\/karineparras.com\/et\/wp-json\/wp\/v2\/product_cat?post=25859"},{"taxonomy":"product_tag","embeddable":true,"href":"https:\/\/karineparras.com\/et\/wp-json\/wp\/v2\/product_tag?post=25859"}],"curies":[{"name":"wp","href":"https:\/\/api.w.org\/{rel}","templated":true}]}}