{"id":25856,"date":"2024-01-04T12:00:46","date_gmt":"2024-01-04T10:00:46","guid":{"rendered":"https:\/\/karineparras.com\/product\/v-rongas-smaragdloikega-teemantiga-roosakullast\/"},"modified":"2026-02-25T12:59:35","modified_gmt":"2026-02-25T10:59:35","slug":"kihlasormus-v-ring-teemant-roosa-kuld","status":"publish","type":"product","link":"https:\/\/karineparras.com\/et\/product\/kihlasormus-v-ring-teemant-roosa-kuld\/","title":{"rendered":"Kihlas\u00f5rmus &#8211; &#8220;V-ring&#8221; Teemant &amp; Roosa Kuld"},"content":{"rendered":"","protected":false},"excerpt":{"rendered":"<div class=\"flex-1 overflow-hidden\">\n<div class=\"react-scroll-to-bottom--css-lutjf-79elbk h-full\">\n<div class=\"react-scroll-to-bottom--css-lutjf-1n7m0yu\">\n<div class=\"flex flex-col pb-9 text-sm\">\n<div class=\"w-full text-token-text-primary\" data-testid=\"conversation-turn-5\">\n<div class=\"px-4 py-2 justify-center text-base md:gap-6 m-auto\">\n<div class=\"flex flex-1 text-base mx-auto gap-3 md:px-5 lg:px-1 xl:px-5 md:max-w-3xl lg:max-w-[40rem] xl:max-w-[48rem] group final-completion\">\n<div class=\"relative flex w-full flex-col lg:w-[calc(100%-115px)] agent-turn\">\n<div class=\"flex-col gap-1 md:gap-3\">\n<div class=\"flex flex-grow flex-col max-w-full\">\n<div class=\"min-h-[20px] text-message flex flex-col items-start gap-3 whitespace-pre-wrap break-words [.text-message+&amp;]:mt-5 overflow-x-auto\" data-message-author-role=\"assistant\" data-message-id=\"08c19cbf-9f20-41b8-99f3-e2f18ed1d900\">\n<div class=\"markdown prose w-full break-words dark:prose-invert dark\">\n<p><a href=\"https:\/\/karineparras.com\/et\/tootekategooria\/kihlasormused\/\">KIHLAS\u00d5RMUSED<\/a><\/p>\n<p>Neile, kes otsivad armastuse s\u00fcmbolit, mis \u00fcletab tavalise, on smaragdil\u00f5ikega teemant ideaalne valik. Selle kihlas\u00f5rmuse moodne disain on \u00fchtaegu pilkup\u00fc\u00fcdev ja v\u00e4ljendab kaasaegsete suhete mitmek\u00fclgset iseloomu. S\u00f5rmust t\u00e4iustavad 0.30 karaati \u0161ampanjateemante.<\/p>\n<p>&nbsp;<\/p>\n<\/div>\n<\/div>\n<\/div>\n<\/div>\n<\/div>\n<\/div>\n<\/div>\n<\/div>\n<\/div>\n<\/div>\n<\/div>\n<\/div>\n<ul>\n<li>18K roosa kuld<\/li>\n<li>0.71 ct F VS smaragdl\u00f5ikeline laboriteemant<\/li>\n<li>0.30 ctw F VS briljant \u0161ampanjateemandid<\/li>\n<li>\n<p class=\"p1\">IGI\/GIA sertifitseeritud<\/p>\n<\/li>\n<li>Goldtime&#8217;i jaoks kohandatud disain. Isikliku kujunduse saamiseks tehke palun p\u00e4ring.<\/li>\n<\/ul>\n<p><!-- SVG path here --><\/p>\n<p>&nbsp;<\/p>\n<p><!-- SVG path here --><\/p>\n<p><a style=\"text-decoration: none; display: flex; align-items: center; gap: 4px; cursor: pointer;\" href=\"https:\/\/karineparras.com\/wp-content\/uploads\/2024\/01\/Diamond-Grading-4Cs.png\"><\/p>\n<p><!-- SVG path here --><\/p>\n<p><strong style=\"display: block; line-height: 1;\">Teemantide hindamise 4 C-d<\/strong><br \/>\n<\/a><\/p>\n<p><!-- SVG path here --><\/p>\n","protected":false},"featured_media":25831,"template":"","meta":{"_themeisle_gutenberg_block_has_review":false},"product_brand":[],"product_cat":[439,441],"product_tag":[],"class_list":{"0":"post-25856","1":"product","2":"type-product","3":"status-publish","4":"has-post-thumbnail","6":"product_cat-kihlasormused","7":"product_cat-sormused","9":"first","10":"outofstock","11":"shipping-taxable","12":"purchasable","13":"product-type-simple"},"yoast_head":"<!-- This site is optimized with the Yoast SEO plugin v27.3 - https:\/\/yoast.com\/product\/yoast-seo-wordpress\/ -->\n<title>Kihlas\u00f5rmus - &quot;V-ring&quot; Teemant &amp; Roosa Kuld - KARINE PARRAS<\/title>\n<meta name=\"description\" content=\"Smaragdl\u00f5ikega teemant on armastuse s\u00fcmbol, mis \u00fcletab tavalist, ning see on p\u00fcsiva elegantsi p\u00e4rand. Smaragdl\u00f5ikega teemant ja roosa kuld.\" \/>\n<meta name=\"robots\" content=\"index, follow, max-snippet:-1, max-image-preview:large, max-video-preview:-1\" \/>\n<link rel=\"canonical\" href=\"https:\/\/karineparras.com\/et\/product\/kihlasormus-v-ring-teemant-roosa-kuld\/\" \/>\n<meta property=\"og:locale\" content=\"et_EE\" \/>\n<meta property=\"og:type\" content=\"article\" \/>\n<meta property=\"og:title\" content=\"Kihlas\u00f5rmus - &quot;V-ring&quot; Teemant &amp; Roosa Kuld - KARINE PARRAS\" \/>\n<meta property=\"og:description\" content=\"Smaragdl\u00f5ikega teemant on armastuse s\u00fcmbol, mis \u00fcletab tavalist, ning see on p\u00fcsiva elegantsi p\u00e4rand. Smaragdl\u00f5ikega teemant ja roosa kuld.\" \/>\n<meta property=\"og:url\" content=\"https:\/\/karineparras.com\/et\/product\/kihlasormus-v-ring-teemant-roosa-kuld\/\" \/>\n<meta property=\"og:site_name\" content=\"KARINE PARRAS\" \/>\n<meta property=\"article:publisher\" content=\"https:\/\/www.facebook.com\/karineparras\" \/>\n<meta property=\"article:modified_time\" content=\"2026-02-25T10:59:35+00:00\" \/>\n<meta property=\"og:image\" content=\"https:\/\/karineparras.com\/wp-content\/uploads\/2024\/01\/KPweb-V-ring-1x-0.71-ct-LGD-emerald-F-VS-0.30-ct-FV-round-brilliant-nat16.5-rg.jpg\" \/>\n\t<meta property=\"og:image:width\" content=\"1152\" \/>\n\t<meta property=\"og:image:height\" content=\"1536\" \/>\n\t<meta property=\"og:image:type\" content=\"image\/jpeg\" \/>\n<meta name=\"twitter:card\" content=\"summary_large_image\" \/>\n<meta name=\"twitter:label1\" content=\"Est. reading time\" \/>\n\t<meta name=\"twitter:data1\" content=\"1 minut\" \/>\n<script type=\"application\/ld+json\" class=\"yoast-schema-graph\">{\"@context\":\"https:\\\/\\\/schema.org\",\"@graph\":[{\"@type\":\"WebPage\",\"@id\":\"https:\\\/\\\/karineparras.com\\\/et\\\/product\\\/kihlasormus-v-ring-teemant-roosa-kuld\\\/\",\"url\":\"https:\\\/\\\/karineparras.com\\\/et\\\/product\\\/kihlasormus-v-ring-teemant-roosa-kuld\\\/\",\"name\":\"Kihlas\u00f5rmus - \\\"V-ring\\\" Teemant &amp; Roosa Kuld - KARINE PARRAS\",\"isPartOf\":{\"@id\":\"https:\\\/\\\/karineparras.com\\\/et\\\/#website\"},\"primaryImageOfPage\":{\"@id\":\"https:\\\/\\\/karineparras.com\\\/et\\\/product\\\/kihlasormus-v-ring-teemant-roosa-kuld\\\/#primaryimage\"},\"image\":{\"@id\":\"https:\\\/\\\/karineparras.com\\\/et\\\/product\\\/kihlasormus-v-ring-teemant-roosa-kuld\\\/#primaryimage\"},\"thumbnailUrl\":\"https:\\\/\\\/karineparras.com\\\/wp-content\\\/uploads\\\/2024\\\/01\\\/KPweb-V-ring-1x-0.71-ct-LGD-emerald-F-VS-0.30-ct-FV-round-brilliant-nat16.5-rg.jpg\",\"datePublished\":\"2024-01-04T10:00:46+00:00\",\"dateModified\":\"2026-02-25T10:59:35+00:00\",\"description\":\"Smaragdl\u00f5ikega teemant on armastuse s\u00fcmbol, mis \u00fcletab tavalist, ning see on p\u00fcsiva elegantsi p\u00e4rand. Smaragdl\u00f5ikega teemant ja roosa kuld.\",\"breadcrumb\":{\"@id\":\"https:\\\/\\\/karineparras.com\\\/et\\\/product\\\/kihlasormus-v-ring-teemant-roosa-kuld\\\/#breadcrumb\"},\"inLanguage\":\"et\",\"potentialAction\":[{\"@type\":\"ReadAction\",\"target\":[\"https:\\\/\\\/karineparras.com\\\/et\\\/product\\\/kihlasormus-v-ring-teemant-roosa-kuld\\\/\"]}]},{\"@type\":\"ImageObject\",\"inLanguage\":\"et\",\"@id\":\"https:\\\/\\\/karineparras.com\\\/et\\\/product\\\/kihlasormus-v-ring-teemant-roosa-kuld\\\/#primaryimage\",\"url\":\"https:\\\/\\\/karineparras.com\\\/wp-content\\\/uploads\\\/2024\\\/01\\\/KPweb-V-ring-1x-0.71-ct-LGD-emerald-F-VS-0.30-ct-FV-round-brilliant-nat16.5-rg.jpg\",\"contentUrl\":\"https:\\\/\\\/karineparras.com\\\/wp-content\\\/uploads\\\/2024\\\/01\\\/KPweb-V-ring-1x-0.71-ct-LGD-emerald-F-VS-0.30-ct-FV-round-brilliant-nat16.5-rg.jpg\",\"width\":1152,\"height\":1536},{\"@type\":\"BreadcrumbList\",\"@id\":\"https:\\\/\\\/karineparras.com\\\/et\\\/product\\\/kihlasormus-v-ring-teemant-roosa-kuld\\\/#breadcrumb\",\"itemListElement\":[{\"@type\":\"ListItem\",\"position\":1,\"name\":\"Home\",\"item\":\"https:\\\/\\\/karineparras.com\\\/et\\\/karine-parras\\\/\"},{\"@type\":\"ListItem\",\"position\":2,\"name\":\"Pood\",\"item\":\"https:\\\/\\\/karineparras.com\\\/et\\\/pood\\\/\"},{\"@type\":\"ListItem\",\"position\":3,\"name\":\"Kihlas\u00f5rmus &#8211; &#8220;V-ring&#8221; Teemant &amp; Roosa Kuld\"}]},{\"@type\":\"WebSite\",\"@id\":\"https:\\\/\\\/karineparras.com\\\/et\\\/#website\",\"url\":\"https:\\\/\\\/karineparras.com\\\/et\\\/\",\"name\":\"KARINE PARRAS\",\"description\":\"\",\"publisher\":{\"@id\":\"https:\\\/\\\/karineparras.com\\\/et\\\/#organization\"},\"potentialAction\":[{\"@type\":\"SearchAction\",\"target\":{\"@type\":\"EntryPoint\",\"urlTemplate\":\"https:\\\/\\\/karineparras.com\\\/et\\\/?s={search_term_string}\"},\"query-input\":{\"@type\":\"PropertyValueSpecification\",\"valueRequired\":true,\"valueName\":\"search_term_string\"}}],\"inLanguage\":\"et\"},{\"@type\":\"Organization\",\"@id\":\"https:\\\/\\\/karineparras.com\\\/et\\\/#organization\",\"name\":\"KARINE PARRAS\",\"url\":\"https:\\\/\\\/karineparras.com\\\/et\\\/\",\"logo\":{\"@type\":\"ImageObject\",\"inLanguage\":\"et\",\"@id\":\"https:\\\/\\\/karineparras.com\\\/et\\\/#\\\/schema\\\/logo\\\/image\\\/\",\"url\":\"https:\\\/\\\/karineparras.com\\\/wp-content\\\/uploads\\\/2023\\\/12\\\/logo-header.png\",\"contentUrl\":\"https:\\\/\\\/karineparras.com\\\/wp-content\\\/uploads\\\/2023\\\/12\\\/logo-header.png\",\"width\":1000,\"height\":60,\"caption\":\"KARINE PARRAS\"},\"image\":{\"@id\":\"https:\\\/\\\/karineparras.com\\\/et\\\/#\\\/schema\\\/logo\\\/image\\\/\"},\"sameAs\":[\"https:\\\/\\\/www.facebook.com\\\/karineparras\",\"https:\\\/\\\/www.instagram.com\\\/karineparras\\\/\"]}]}<\/script>\n<!-- \/ Yoast SEO plugin. -->","yoast_head_json":{"title":"Kihlas\u00f5rmus - \"V-ring\" Teemant &amp; Roosa Kuld - KARINE PARRAS","description":"Smaragdl\u00f5ikega teemant on armastuse s\u00fcmbol, mis \u00fcletab tavalist, ning see on p\u00fcsiva elegantsi p\u00e4rand. Smaragdl\u00f5ikega teemant ja roosa kuld.","robots":{"index":"index","follow":"follow","max-snippet":"max-snippet:-1","max-image-preview":"max-image-preview:large","max-video-preview":"max-video-preview:-1"},"canonical":"https:\/\/karineparras.com\/et\/product\/kihlasormus-v-ring-teemant-roosa-kuld\/","og_locale":"et_EE","og_type":"article","og_title":"Kihlas\u00f5rmus - \"V-ring\" Teemant &amp; Roosa Kuld - KARINE PARRAS","og_description":"Smaragdl\u00f5ikega teemant on armastuse s\u00fcmbol, mis \u00fcletab tavalist, ning see on p\u00fcsiva elegantsi p\u00e4rand. Smaragdl\u00f5ikega teemant ja roosa kuld.","og_url":"https:\/\/karineparras.com\/et\/product\/kihlasormus-v-ring-teemant-roosa-kuld\/","og_site_name":"KARINE PARRAS","article_publisher":"https:\/\/www.facebook.com\/karineparras","article_modified_time":"2026-02-25T10:59:35+00:00","og_image":[{"width":1152,"height":1536,"url":"https:\/\/karineparras.com\/wp-content\/uploads\/2024\/01\/KPweb-V-ring-1x-0.71-ct-LGD-emerald-F-VS-0.30-ct-FV-round-brilliant-nat16.5-rg.jpg","type":"image\/jpeg"}],"twitter_card":"summary_large_image","twitter_misc":{"Est. reading time":"1 minut"},"schema":{"@context":"https:\/\/schema.org","@graph":[{"@type":"WebPage","@id":"https:\/\/karineparras.com\/et\/product\/kihlasormus-v-ring-teemant-roosa-kuld\/","url":"https:\/\/karineparras.com\/et\/product\/kihlasormus-v-ring-teemant-roosa-kuld\/","name":"Kihlas\u00f5rmus - \"V-ring\" Teemant &amp; Roosa Kuld - KARINE PARRAS","isPartOf":{"@id":"https:\/\/karineparras.com\/et\/#website"},"primaryImageOfPage":{"@id":"https:\/\/karineparras.com\/et\/product\/kihlasormus-v-ring-teemant-roosa-kuld\/#primaryimage"},"image":{"@id":"https:\/\/karineparras.com\/et\/product\/kihlasormus-v-ring-teemant-roosa-kuld\/#primaryimage"},"thumbnailUrl":"https:\/\/karineparras.com\/wp-content\/uploads\/2024\/01\/KPweb-V-ring-1x-0.71-ct-LGD-emerald-F-VS-0.30-ct-FV-round-brilliant-nat16.5-rg.jpg","datePublished":"2024-01-04T10:00:46+00:00","dateModified":"2026-02-25T10:59:35+00:00","description":"Smaragdl\u00f5ikega teemant on armastuse s\u00fcmbol, mis \u00fcletab tavalist, ning see on p\u00fcsiva elegantsi p\u00e4rand. Smaragdl\u00f5ikega teemant ja roosa kuld.","breadcrumb":{"@id":"https:\/\/karineparras.com\/et\/product\/kihlasormus-v-ring-teemant-roosa-kuld\/#breadcrumb"},"inLanguage":"et","potentialAction":[{"@type":"ReadAction","target":["https:\/\/karineparras.com\/et\/product\/kihlasormus-v-ring-teemant-roosa-kuld\/"]}]},{"@type":"ImageObject","inLanguage":"et","@id":"https:\/\/karineparras.com\/et\/product\/kihlasormus-v-ring-teemant-roosa-kuld\/#primaryimage","url":"https:\/\/karineparras.com\/wp-content\/uploads\/2024\/01\/KPweb-V-ring-1x-0.71-ct-LGD-emerald-F-VS-0.30-ct-FV-round-brilliant-nat16.5-rg.jpg","contentUrl":"https:\/\/karineparras.com\/wp-content\/uploads\/2024\/01\/KPweb-V-ring-1x-0.71-ct-LGD-emerald-F-VS-0.30-ct-FV-round-brilliant-nat16.5-rg.jpg","width":1152,"height":1536},{"@type":"BreadcrumbList","@id":"https:\/\/karineparras.com\/et\/product\/kihlasormus-v-ring-teemant-roosa-kuld\/#breadcrumb","itemListElement":[{"@type":"ListItem","position":1,"name":"Home","item":"https:\/\/karineparras.com\/et\/karine-parras\/"},{"@type":"ListItem","position":2,"name":"Pood","item":"https:\/\/karineparras.com\/et\/pood\/"},{"@type":"ListItem","position":3,"name":"Kihlas\u00f5rmus &#8211; &#8220;V-ring&#8221; Teemant &amp; Roosa Kuld"}]},{"@type":"WebSite","@id":"https:\/\/karineparras.com\/et\/#website","url":"https:\/\/karineparras.com\/et\/","name":"KARINE PARRAS","description":"","publisher":{"@id":"https:\/\/karineparras.com\/et\/#organization"},"potentialAction":[{"@type":"SearchAction","target":{"@type":"EntryPoint","urlTemplate":"https:\/\/karineparras.com\/et\/?s={search_term_string}"},"query-input":{"@type":"PropertyValueSpecification","valueRequired":true,"valueName":"search_term_string"}}],"inLanguage":"et"},{"@type":"Organization","@id":"https:\/\/karineparras.com\/et\/#organization","name":"KARINE PARRAS","url":"https:\/\/karineparras.com\/et\/","logo":{"@type":"ImageObject","inLanguage":"et","@id":"https:\/\/karineparras.com\/et\/#\/schema\/logo\/image\/","url":"https:\/\/karineparras.com\/wp-content\/uploads\/2023\/12\/logo-header.png","contentUrl":"https:\/\/karineparras.com\/wp-content\/uploads\/2023\/12\/logo-header.png","width":1000,"height":60,"caption":"KARINE PARRAS"},"image":{"@id":"https:\/\/karineparras.com\/et\/#\/schema\/logo\/image\/"},"sameAs":["https:\/\/www.facebook.com\/karineparras","https:\/\/www.instagram.com\/karineparras\/"]}]}},"_links":{"self":[{"href":"https:\/\/karineparras.com\/et\/wp-json\/wp\/v2\/product\/25856","targetHints":{"allow":["GET"]}}],"collection":[{"href":"https:\/\/karineparras.com\/et\/wp-json\/wp\/v2\/product"}],"about":[{"href":"https:\/\/karineparras.com\/et\/wp-json\/wp\/v2\/types\/product"}],"wp:featuredmedia":[{"embeddable":true,"href":"https:\/\/karineparras.com\/et\/wp-json\/wp\/v2\/media\/25831"}],"wp:attachment":[{"href":"https:\/\/karineparras.com\/et\/wp-json\/wp\/v2\/media?parent=25856"}],"wp:term":[{"taxonomy":"product_brand","embeddable":true,"href":"https:\/\/karineparras.com\/et\/wp-json\/wp\/v2\/product_brand?post=25856"},{"taxonomy":"product_cat","embeddable":true,"href":"https:\/\/karineparras.com\/et\/wp-json\/wp\/v2\/product_cat?post=25856"},{"taxonomy":"product_tag","embeddable":true,"href":"https:\/\/karineparras.com\/et\/wp-json\/wp\/v2\/product_tag?post=25856"}],"curies":[{"name":"wp","href":"https:\/\/api.w.org\/{rel}","templated":true}]}}