{"id":25855,"date":"2023-12-12T18:50:17","date_gmt":"2023-12-12T16:50:17","guid":{"rendered":"https:\/\/karineparras.com\/product\/jaamae-sormus-jet-valge-kullaga\/"},"modified":"2025-01-31T13:11:04","modified_gmt":"2025-01-31T11:11:04","slug":"jaamae-sormus-jet-valge-kullaga","status":"publish","type":"product","link":"https:\/\/karineparras.com\/et\/product\/jaamae-sormus-jet-valge-kullaga\/","title":{"rendered":"&#8220;Iceberg&#8221; S\u00f5rmus Valge Kuld"},"content":{"rendered":"","protected":false},"excerpt":{"rendered":"<p class=\"p1\"><a href=\"\/?product_cat=iceberg-et\" target=\"_blank\" rel=\"noopener\">&#8220;ICEBERG&#8221;<\/a><\/p>\n<p class=\"p1\">Alpide lumistest m\u00e4etipudest inspireeritud &#8220;Iceberg&#8221; liin \u00fchendab t\u00f5elise elu ilu ja kaasaegse ehtedisaini.<\/p>\n<p class=\"p1\">Liini s\u00f5rmuste p\u00f5hjad on erinevatest materjalidest &#8211; valge ahhaat, must jet ja valge kuld. S\u00f5rmuse tipud on kaetud teemantidega, et tekitada lumele sarnane efekt.<\/p>\n<ul>\n<li>18K valge kuld<\/li>\n<li>ahhaat<\/li>\n<li>0.65 ctw FG VS teemandid<\/li>\n<li>0.53 ctw hallid teemandid<\/li>\n<\/ul>\n","protected":false},"featured_media":25738,"template":"","meta":{"_themeisle_gutenberg_block_has_review":false},"product_brand":[],"product_cat":[440,438,441],"product_tag":[],"class_list":{"0":"post-25855","1":"product","2":"type-product","3":"status-publish","4":"has-post-thumbnail","6":"product_cat-fine-jewellery-liinid","7":"product_cat-iceberg-et","8":"product_cat-sormused","10":"first","11":"outofstock","12":"shipping-taxable","13":"purchasable","14":"product-type-simple"},"yoast_head":"<!-- This site is optimized with the Yoast SEO plugin v27.3 - https:\/\/yoast.com\/product\/yoast-seo-wordpress\/ -->\n<title>&quot;Iceberg&quot; S\u00f5rmus Valge Kuld - KARINE PARRAS<\/title>\n<meta name=\"robots\" content=\"index, follow, max-snippet:-1, max-image-preview:large, max-video-preview:-1\" \/>\n<link rel=\"canonical\" href=\"https:\/\/karineparras.com\/et\/product\/jaamae-sormus-jet-valge-kullaga\/\" \/>\n<meta property=\"og:locale\" content=\"et_EE\" \/>\n<meta property=\"og:type\" content=\"article\" \/>\n<meta property=\"og:title\" content=\"&quot;Iceberg&quot; S\u00f5rmus Valge Kuld - KARINE PARRAS\" \/>\n<meta property=\"og:description\" content=\"&quot;ICEBERG&quot; Alpide lumistest m\u00e4etipudest inspireeritud &quot;Iceberg&quot; liin \u00fchendab t\u00f5elise elu ilu ja kaasaegse ehtedisaini. Liini s\u00f5rmuste p\u00f5hjad on erinevatest materjalidest - valge ahhaat, must jet ja valge kuld. S\u00f5rmuse tipud on kaetud teemantidega, et tekitada lumele sarnane efekt.   18K valge kuld  ahhaat  0.65 ctw FG VS teemandid  0.53 ctw hallid teemandid\" \/>\n<meta property=\"og:url\" content=\"https:\/\/karineparras.com\/et\/product\/jaamae-sormus-jet-valge-kullaga\/\" \/>\n<meta property=\"og:site_name\" content=\"KARINE PARRAS\" \/>\n<meta property=\"article:publisher\" content=\"https:\/\/www.facebook.com\/karineparras\" \/>\n<meta property=\"article:modified_time\" content=\"2025-01-31T11:11:04+00:00\" \/>\n<meta property=\"og:image\" content=\"https:\/\/karineparras.com\/wp-content\/uploads\/2023\/03\/KPweb-iceberg-cocktail-ring-white-gold-wg-black-jet.jpg\" \/>\n\t<meta property=\"og:image:width\" content=\"1152\" \/>\n\t<meta property=\"og:image:height\" content=\"1536\" \/>\n\t<meta property=\"og:image:type\" content=\"image\/jpeg\" \/>\n<meta name=\"twitter:card\" content=\"summary_large_image\" \/>\n<script type=\"application\/ld+json\" class=\"yoast-schema-graph\">{\"@context\":\"https:\\\/\\\/schema.org\",\"@graph\":[{\"@type\":\"WebPage\",\"@id\":\"https:\\\/\\\/karineparras.com\\\/et\\\/product\\\/jaamae-sormus-jet-valge-kullaga\\\/\",\"url\":\"https:\\\/\\\/karineparras.com\\\/et\\\/product\\\/jaamae-sormus-jet-valge-kullaga\\\/\",\"name\":\"\\\"Iceberg\\\" S\u00f5rmus Valge Kuld - KARINE PARRAS\",\"isPartOf\":{\"@id\":\"https:\\\/\\\/karineparras.com\\\/et\\\/#website\"},\"primaryImageOfPage\":{\"@id\":\"https:\\\/\\\/karineparras.com\\\/et\\\/product\\\/jaamae-sormus-jet-valge-kullaga\\\/#primaryimage\"},\"image\":{\"@id\":\"https:\\\/\\\/karineparras.com\\\/et\\\/product\\\/jaamae-sormus-jet-valge-kullaga\\\/#primaryimage\"},\"thumbnailUrl\":\"https:\\\/\\\/karineparras.com\\\/wp-content\\\/uploads\\\/2023\\\/03\\\/KPweb-iceberg-cocktail-ring-white-gold-wg-black-jet.jpg\",\"datePublished\":\"2023-12-12T16:50:17+00:00\",\"dateModified\":\"2025-01-31T11:11:04+00:00\",\"breadcrumb\":{\"@id\":\"https:\\\/\\\/karineparras.com\\\/et\\\/product\\\/jaamae-sormus-jet-valge-kullaga\\\/#breadcrumb\"},\"inLanguage\":\"et\",\"potentialAction\":[{\"@type\":\"ReadAction\",\"target\":[\"https:\\\/\\\/karineparras.com\\\/et\\\/product\\\/jaamae-sormus-jet-valge-kullaga\\\/\"]}]},{\"@type\":\"ImageObject\",\"inLanguage\":\"et\",\"@id\":\"https:\\\/\\\/karineparras.com\\\/et\\\/product\\\/jaamae-sormus-jet-valge-kullaga\\\/#primaryimage\",\"url\":\"https:\\\/\\\/karineparras.com\\\/wp-content\\\/uploads\\\/2023\\\/03\\\/KPweb-iceberg-cocktail-ring-white-gold-wg-black-jet.jpg\",\"contentUrl\":\"https:\\\/\\\/karineparras.com\\\/wp-content\\\/uploads\\\/2023\\\/03\\\/KPweb-iceberg-cocktail-ring-white-gold-wg-black-jet.jpg\",\"width\":1152,\"height\":1536},{\"@type\":\"BreadcrumbList\",\"@id\":\"https:\\\/\\\/karineparras.com\\\/et\\\/product\\\/jaamae-sormus-jet-valge-kullaga\\\/#breadcrumb\",\"itemListElement\":[{\"@type\":\"ListItem\",\"position\":1,\"name\":\"Home\",\"item\":\"https:\\\/\\\/karineparras.com\\\/et\\\/karine-parras\\\/\"},{\"@type\":\"ListItem\",\"position\":2,\"name\":\"Pood\",\"item\":\"https:\\\/\\\/karineparras.com\\\/et\\\/pood\\\/\"},{\"@type\":\"ListItem\",\"position\":3,\"name\":\"&#8220;Iceberg&#8221; S\u00f5rmus Valge Kuld\"}]},{\"@type\":\"WebSite\",\"@id\":\"https:\\\/\\\/karineparras.com\\\/et\\\/#website\",\"url\":\"https:\\\/\\\/karineparras.com\\\/et\\\/\",\"name\":\"KARINE PARRAS\",\"description\":\"\",\"publisher\":{\"@id\":\"https:\\\/\\\/karineparras.com\\\/et\\\/#organization\"},\"potentialAction\":[{\"@type\":\"SearchAction\",\"target\":{\"@type\":\"EntryPoint\",\"urlTemplate\":\"https:\\\/\\\/karineparras.com\\\/et\\\/?s={search_term_string}\"},\"query-input\":{\"@type\":\"PropertyValueSpecification\",\"valueRequired\":true,\"valueName\":\"search_term_string\"}}],\"inLanguage\":\"et\"},{\"@type\":\"Organization\",\"@id\":\"https:\\\/\\\/karineparras.com\\\/et\\\/#organization\",\"name\":\"KARINE PARRAS\",\"url\":\"https:\\\/\\\/karineparras.com\\\/et\\\/\",\"logo\":{\"@type\":\"ImageObject\",\"inLanguage\":\"et\",\"@id\":\"https:\\\/\\\/karineparras.com\\\/et\\\/#\\\/schema\\\/logo\\\/image\\\/\",\"url\":\"https:\\\/\\\/karineparras.com\\\/wp-content\\\/uploads\\\/2023\\\/12\\\/logo-header.png\",\"contentUrl\":\"https:\\\/\\\/karineparras.com\\\/wp-content\\\/uploads\\\/2023\\\/12\\\/logo-header.png\",\"width\":1000,\"height\":60,\"caption\":\"KARINE PARRAS\"},\"image\":{\"@id\":\"https:\\\/\\\/karineparras.com\\\/et\\\/#\\\/schema\\\/logo\\\/image\\\/\"},\"sameAs\":[\"https:\\\/\\\/www.facebook.com\\\/karineparras\",\"https:\\\/\\\/www.instagram.com\\\/karineparras\\\/\"]}]}<\/script>\n<!-- \/ Yoast SEO plugin. -->","yoast_head_json":{"title":"\"Iceberg\" S\u00f5rmus Valge Kuld - KARINE PARRAS","robots":{"index":"index","follow":"follow","max-snippet":"max-snippet:-1","max-image-preview":"max-image-preview:large","max-video-preview":"max-video-preview:-1"},"canonical":"https:\/\/karineparras.com\/et\/product\/jaamae-sormus-jet-valge-kullaga\/","og_locale":"et_EE","og_type":"article","og_title":"\"Iceberg\" S\u00f5rmus Valge Kuld - KARINE PARRAS","og_description":"\"ICEBERG\" Alpide lumistest m\u00e4etipudest inspireeritud \"Iceberg\" liin \u00fchendab t\u00f5elise elu ilu ja kaasaegse ehtedisaini. Liini s\u00f5rmuste p\u00f5hjad on erinevatest materjalidest - valge ahhaat, must jet ja valge kuld. S\u00f5rmuse tipud on kaetud teemantidega, et tekitada lumele sarnane efekt.   18K valge kuld  ahhaat  0.65 ctw FG VS teemandid  0.53 ctw hallid teemandid","og_url":"https:\/\/karineparras.com\/et\/product\/jaamae-sormus-jet-valge-kullaga\/","og_site_name":"KARINE PARRAS","article_publisher":"https:\/\/www.facebook.com\/karineparras","article_modified_time":"2025-01-31T11:11:04+00:00","og_image":[{"width":1152,"height":1536,"url":"https:\/\/karineparras.com\/wp-content\/uploads\/2023\/03\/KPweb-iceberg-cocktail-ring-white-gold-wg-black-jet.jpg","type":"image\/jpeg"}],"twitter_card":"summary_large_image","schema":{"@context":"https:\/\/schema.org","@graph":[{"@type":"WebPage","@id":"https:\/\/karineparras.com\/et\/product\/jaamae-sormus-jet-valge-kullaga\/","url":"https:\/\/karineparras.com\/et\/product\/jaamae-sormus-jet-valge-kullaga\/","name":"\"Iceberg\" S\u00f5rmus Valge Kuld - KARINE PARRAS","isPartOf":{"@id":"https:\/\/karineparras.com\/et\/#website"},"primaryImageOfPage":{"@id":"https:\/\/karineparras.com\/et\/product\/jaamae-sormus-jet-valge-kullaga\/#primaryimage"},"image":{"@id":"https:\/\/karineparras.com\/et\/product\/jaamae-sormus-jet-valge-kullaga\/#primaryimage"},"thumbnailUrl":"https:\/\/karineparras.com\/wp-content\/uploads\/2023\/03\/KPweb-iceberg-cocktail-ring-white-gold-wg-black-jet.jpg","datePublished":"2023-12-12T16:50:17+00:00","dateModified":"2025-01-31T11:11:04+00:00","breadcrumb":{"@id":"https:\/\/karineparras.com\/et\/product\/jaamae-sormus-jet-valge-kullaga\/#breadcrumb"},"inLanguage":"et","potentialAction":[{"@type":"ReadAction","target":["https:\/\/karineparras.com\/et\/product\/jaamae-sormus-jet-valge-kullaga\/"]}]},{"@type":"ImageObject","inLanguage":"et","@id":"https:\/\/karineparras.com\/et\/product\/jaamae-sormus-jet-valge-kullaga\/#primaryimage","url":"https:\/\/karineparras.com\/wp-content\/uploads\/2023\/03\/KPweb-iceberg-cocktail-ring-white-gold-wg-black-jet.jpg","contentUrl":"https:\/\/karineparras.com\/wp-content\/uploads\/2023\/03\/KPweb-iceberg-cocktail-ring-white-gold-wg-black-jet.jpg","width":1152,"height":1536},{"@type":"BreadcrumbList","@id":"https:\/\/karineparras.com\/et\/product\/jaamae-sormus-jet-valge-kullaga\/#breadcrumb","itemListElement":[{"@type":"ListItem","position":1,"name":"Home","item":"https:\/\/karineparras.com\/et\/karine-parras\/"},{"@type":"ListItem","position":2,"name":"Pood","item":"https:\/\/karineparras.com\/et\/pood\/"},{"@type":"ListItem","position":3,"name":"&#8220;Iceberg&#8221; S\u00f5rmus Valge Kuld"}]},{"@type":"WebSite","@id":"https:\/\/karineparras.com\/et\/#website","url":"https:\/\/karineparras.com\/et\/","name":"KARINE PARRAS","description":"","publisher":{"@id":"https:\/\/karineparras.com\/et\/#organization"},"potentialAction":[{"@type":"SearchAction","target":{"@type":"EntryPoint","urlTemplate":"https:\/\/karineparras.com\/et\/?s={search_term_string}"},"query-input":{"@type":"PropertyValueSpecification","valueRequired":true,"valueName":"search_term_string"}}],"inLanguage":"et"},{"@type":"Organization","@id":"https:\/\/karineparras.com\/et\/#organization","name":"KARINE PARRAS","url":"https:\/\/karineparras.com\/et\/","logo":{"@type":"ImageObject","inLanguage":"et","@id":"https:\/\/karineparras.com\/et\/#\/schema\/logo\/image\/","url":"https:\/\/karineparras.com\/wp-content\/uploads\/2023\/12\/logo-header.png","contentUrl":"https:\/\/karineparras.com\/wp-content\/uploads\/2023\/12\/logo-header.png","width":1000,"height":60,"caption":"KARINE PARRAS"},"image":{"@id":"https:\/\/karineparras.com\/et\/#\/schema\/logo\/image\/"},"sameAs":["https:\/\/www.facebook.com\/karineparras","https:\/\/www.instagram.com\/karineparras\/"]}]}},"_links":{"self":[{"href":"https:\/\/karineparras.com\/et\/wp-json\/wp\/v2\/product\/25855","targetHints":{"allow":["GET"]}}],"collection":[{"href":"https:\/\/karineparras.com\/et\/wp-json\/wp\/v2\/product"}],"about":[{"href":"https:\/\/karineparras.com\/et\/wp-json\/wp\/v2\/types\/product"}],"wp:featuredmedia":[{"embeddable":true,"href":"https:\/\/karineparras.com\/et\/wp-json\/wp\/v2\/media\/25738"}],"wp:attachment":[{"href":"https:\/\/karineparras.com\/et\/wp-json\/wp\/v2\/media?parent=25855"}],"wp:term":[{"taxonomy":"product_brand","embeddable":true,"href":"https:\/\/karineparras.com\/et\/wp-json\/wp\/v2\/product_brand?post=25855"},{"taxonomy":"product_cat","embeddable":true,"href":"https:\/\/karineparras.com\/et\/wp-json\/wp\/v2\/product_cat?post=25855"},{"taxonomy":"product_tag","embeddable":true,"href":"https:\/\/karineparras.com\/et\/wp-json\/wp\/v2\/product_tag?post=25855"}],"curies":[{"name":"wp","href":"https:\/\/api.w.org\/{rel}","templated":true}]}}