{"id":26485,"date":"2020-08-27T08:23:10","date_gmt":"2020-08-27T05:23:10","guid":{"rendered":"https:\/\/karineparras.com\/privaatsuspoliitika\/"},"modified":"2024-03-09T06:35:32","modified_gmt":"2024-03-09T04:35:32","slug":"privaatsuspoliitika","status":"publish","type":"page","link":"https:\/\/karineparras.com\/et\/privaatsuspoliitika\/","title":{"rendered":"Privaatsuspoliitika"},"content":{"rendered":"\t\t<div data-elementor-type=\"wp-page\" data-elementor-id=\"26485\" class=\"elementor elementor-26485 elementor-12954\" wpc-filter-elementor-widget=\"1\">\n\t\t\t\t\t\t<section class=\"elementor-section elementor-top-section elementor-element elementor-element-a2ec18c elementor-section-boxed elementor-section-height-default elementor-section-height-default sc_fly_static\" data-id=\"a2ec18c\" data-element_type=\"section\" data-e-type=\"section\" data-settings=\"{&quot;background_background&quot;:&quot;classic&quot;}\">\n\t\t\t\t\t\t<div class=\"elementor-container elementor-column-gap-extended\">\n\t\t\t\t\t<div class=\"elementor-column elementor-col-100 elementor-top-column elementor-element elementor-element-e4f67bc sc_content_align_inherit sc_layouts_column_icons_position_left sc_fly_static\" data-id=\"e4f67bc\" data-element_type=\"column\" data-e-type=\"column\">\n\t\t\t<div class=\"elementor-widget-wrap elementor-element-populated\">\n\t\t\t\t\t\t<div class=\"elementor-element elementor-element-fc87c00 sc_fly_static elementor-widget elementor-widget-text-editor\" data-id=\"fc87c00\" data-element_type=\"widget\" data-e-type=\"widget\" data-widget_type=\"text-editor.default\">\n\t\t\t\t<div class=\"elementor-widget-container\">\n\t\t\t\t\t\t\t\t\t<h5>1. Sissejuhatus<\/h5>\n<p>Veebipoe karineparras.com isikuandmete vastutav t\u00f6\u00f6tleja on <strong>TRILLIANTS O\u00dc<\/strong> (registrikood 10810177), asukohaga Suur-Karja 2, Tallinn, Eesti. E-post info@karineparras.com.<\/p>\n<h5>2. Isikuandmete kogumine<\/h5>\n<ul>\n<li>nimi, telefoninumber ja e-posti aadress;<\/li>\n<li>tarneaadress;<\/li>\n<li>pangakonto number;<\/li>\n<li>kaupade ja teenuste hind ning maksetega seotud andmed (ostuajalugu);<\/li>\n<li>klienditoe andmed.<\/li>\n<\/ul>\n<h5>3. Isikuandmete t\u00f6\u00f6tlemise eesm\u00e4rk<\/h5>\n<p>Isikuandmeid kasutatakse kliendi tellimuste haldamiseks ja kaupade tarnimiseks.<\/p>\n<p>Ostuajaloo andmeid (ostu kuup\u00e4ev, kaup, kogus, kliendi andmed) kasutatakse ostetud kaupade ja teenuste \u00fclevaate koostamiseks ja kliendi eelistuste anal\u00fc\u00fcsimiseks.<\/p>\n<p>Pangakonto numbrit kasutatakse kliendile maksete tagasimaksmiseks.<\/p>\n<p>Isikuandmeid, nagu e-posti aadress, telefoninumber ja kliendi nimi, t\u00f6\u00f6deldakse kaupade ja teenuste osutamisega seotud k\u00fcsimuste lahendamiseks (klienditugi).<\/p>\n<p>Veebipoe kasutajate IP-aadressi v\u00f5i muid veebitunnuseid t\u00f6\u00f6deldakse veebipoe pakkumiseks, et pakkuda info\u00fchiskonna teenust ja veebi kasutamise statistikat.<\/p>\n<h5>4. \u00d5iguslik alus<\/h5>\n<p>Isikuandmete t\u00f6\u00f6tlemine toimub kliendiga s\u00f5lmitud lepingu t\u00e4itmiseks.<\/p>\n<p>Isikuandmeid t\u00f6\u00f6deldakse juriidiliste kohustuste t\u00e4itmiseks (n\u00e4iteks raamatupidamine ja tarbijakaebuste lahendamine).<\/p>\n<p>Isikuandmed edastatakse veebipoe klienditoele ostude ja ostuajaloo haldamiseks ning klientide v\u00f5imalike probleemide lahendamiseks.<\/p>\n<p>Nimi, telefoninumber ja e-posti aadress edastatakse kliendi valitud transporditeenuse pakkujale. Kui kauba toimetab kohale kuller, edastatakse kliendi aadress ja kontaktandmed.<\/p>\n<p>Kui veebipoe raamatupidamisega tegeleb v\u00e4line teenusepakkuja, edastatakse isikuandmed sellele teenusepakkujale raamatupidamistoimingute tegemiseks.<\/p>\n<p>Isikuandmeid v\u00f5idakse edastada IT-teenuste pakkujatele, kui see on vajalik veebipoe funktsionaalsuse tagamiseks v\u00f5i andmete hostimiseks.<\/p>\n<h5>5. Turvalisus ja juurdep\u00e4\u00e4s andmetele<\/h5>\n<p>Isikuandmeid s\u00e4ilitatakse Shopify serverites, mis asuvad Euroopa Liidu liikmesriigi v\u00f5i Euroopa Majanduspiirkonna riikide territooriumil. Andmeid v\u00f5ib edastada riikidesse, mille andmekaitse taset on Euroopa Komisjon hinnanud piisavaks, ja USA ettev\u00f5tjatele, kes on liitunud Privacy Shield raamistikuga.<\/p>\n<p>Veebipoe t\u00f6\u00f6tajad v\u00f5ivad tutvuda isikuandmetega, et lahendada veebipoe kasutamisega seotud tehnilisi v\u00f5i sisulisi k\u00fcsimusi ja pakkuda kliendituge.<\/p>\n<p>Veebipood v\u00f5tab asjakohased f\u00fc\u00fcsilised, organisatsioonilised ja infotehnoloogilised turvameetmed, et kaitsta isikuandmeid juhusliku v\u00f5i ebaseadusliku h\u00e4vitamise, kadumise, muutmise v\u00f5i volitamata juurdep\u00e4\u00e4su ja avalikustamise eest.<\/p>\n<p>Isikuandmed edastatakse veebipoe andmet\u00f6\u00f6tlejatele (n\u00e4iteks transpordi- ja andmehostinguteenuste pakkujatele) ning neid t\u00f6\u00f6deldakse veebipoe ja andmet\u00f6\u00f6tlejate vahel s\u00f5lmitud lepingute alusel. T\u00f6\u00f6tlejad peavad isikuandmete t\u00f6\u00f6tlemisel tagama asjakohased kaitsemeetmed.<\/p>\n<h5>6. Juurdep\u00e4\u00e4s isikuandmetele ja nende parandamine<\/h5>\n<p>Isikuandmeid saab vaadata ja parandada veebipoe kasutajaprofiilis. Kui ostu sooritatakse ilma kasutajakontota, on isikuandmed k\u00e4ttesaadavad klienditoe kaudu.<\/p>\n<h5>7. N\u00f5usoleku tagasiv\u00f5tmine<\/h5>\n<p>Kui isikuandmeid t\u00f6\u00f6deldakse kliendi n\u00f5usoleku alusel, on kliendil \u00f5igus oma n\u00f5usolek tagasi v\u00f5tta, teatades sellest klienditoele e-posti teel.<\/p>\n<h5>8. Andmete s\u00e4ilitamine<\/h5>\n<p>Isikuandmed kustutatakse veebipoe kliendikonto sulgemisel, v\u00e4lja arvatud juhul, kui andmete s\u00e4ilitamine on vajalik raamatupidamise v\u00f5i tarbijavaidluste lahendamiseks.<\/p>\n<p>Ilma kliendikontota tehtud internetiostude puhul s\u00e4ilitatakse ostuajalugu kolm aastat.<\/p>\n<p>Maksetega seotud vaidluste ja tarbijavaidluste korral s\u00e4ilitatakse isikuandmeid kuni n\u00f5ude rahuldamiseni v\u00f5i aegumist\u00e4htaja l\u00f5puni.<\/p>\n<p>Raamatupidamiseks vajalikke isikuandmeid s\u00e4ilitatakse seitse aastat.<\/p>\n<h5>9. Kustutamine<\/h5>\n<p>Isikuandmete kustutamiseks tuleb v\u00f5tta \u00fchendust klienditoega e-posti teel. Andmete kustutamise taotlustele vastatakse \u00fche kuu jooksul ja kustutamise t\u00e4htaeg on kindlaks m\u00e4\u00e4ratud.<\/p>\n<h5>10. Edastamine<\/h5>\n<p>E-posti teel esitatud isikuandmete edastamise taotlustele vastatakse \u00fche kuu jooksul. Klienditugi tuvastab isiku ja n\u00e4itab, milliseid isikuandmeid tuleb edastada.<\/p>\n<h5>11. Otseturunduss\u00f5numid<\/h5>\n<p>E-posti aadressi ja telefoninumbrit kasutatakse otseturunduss\u00f5numite saatmiseks, kui klient on andnud oma n\u00f5usoleku selliste s\u00f5numite saamiseks. Kui klient ei soovi saada otseturunduss\u00f5numeid, peaks klient valima asjakohase lingi e-kirja allosas v\u00f5i v\u00f5tma \u00fchendust klienditeenindusega.<\/p>\n<p>Kui isikuandmeid t\u00f6\u00f6deldakse otseturunduse eesm\u00e4rgil (profiilianal\u00fc\u00fcs), on kliendil \u00f5igus igal ajal esitada vastuv\u00e4iteid sellisele t\u00f6\u00f6tlemisele, sealhulgas profiilianal\u00fc\u00fcsile, kui see on seotud sellise otseturundusega, olenemata sellest, kas tegemist on esialgse v\u00f5i edasise t\u00f6\u00f6tlemisega, teatades sellest klienditoele e-posti teel.<\/p>\n<h5>12. Vaidluste lahendamine<\/h5>\n<p>Isikuandmete t\u00f6\u00f6tlemisega seotud vaidlused lahendatakse klienditoe kaudu (info@karineparras). J\u00e4relevalveasutus on Eesti Andmekaitse Inspektsioon (info@aki.ee).<\/p>\n<p><strong>TRILLIANTS O\u00dc<\/strong> on isikuandmete vastutav t\u00f6\u00f6tleja, <strong>TRILLIANTS O\u00dc<\/strong> edastab maksete tegemiseks vajalikud isikuandmed Montonio Finance UAB-le.<\/p>\t\t\t\t\t\t\t\t<\/div>\n\t\t\t\t<\/div>\n\t\t\t\t\t<\/div>\n\t\t<\/div>\n\t\t\t\t\t<\/div>\n\t\t<\/section>\n\t\t\t\t<section class=\"elementor-section elementor-top-section elementor-element elementor-element-1ce0fbce elementor-section-boxed elementor-section-height-default elementor-section-height-default sc_fly_static\" data-id=\"1ce0fbce\" data-element_type=\"section\" data-e-type=\"section\">\n\t\t\t\t\t\t<div class=\"elementor-container elementor-column-gap-extended\">\n\t\t\t\t\t<div class=\"elementor-column elementor-col-100 elementor-top-column elementor-element elementor-element-71737124 sc_content_align_inherit sc_layouts_column_icons_position_left sc_fly_static\" data-id=\"71737124\" data-element_type=\"column\" data-e-type=\"column\">\n\t\t\t<div class=\"elementor-widget-wrap elementor-element-populated\">\n\t\t\t\t\t\t<div class=\"elementor-element elementor-element-653057c1 sc_height_medium sc_fly_static elementor-widget elementor-widget-spacer\" data-id=\"653057c1\" data-element_type=\"widget\" data-e-type=\"widget\" data-widget_type=\"spacer.default\">\n\t\t\t\t<div class=\"elementor-widget-container\">\n\t\t\t\t\t\t\t<div class=\"elementor-spacer\">\n\t\t\t<div class=\"elementor-spacer-inner\"><\/div>\n\t\t<\/div>\n\t\t\t\t\t\t<\/div>\n\t\t\t\t<\/div>\n\t\t\t\t\t<\/div>\n\t\t<\/div>\n\t\t\t\t\t<\/div>\n\t\t<\/section>\n\t\t\t\t<\/div>\n\t\t","protected":false},"excerpt":{"rendered":"<p>1. Sissejuhatus Veebipoe karineparras.com isikuandmete vastutav t\u00f6\u00f6tleja on TRILLIANTS O\u00dc (registrikood 10810177), asukohaga Suur-Karja 2,&hellip;<\/p>\n","protected":false},"author":1,"featured_media":0,"parent":0,"menu_order":0,"comment_status":"closed","ping_status":"closed","template":"","meta":{"_themeisle_gutenberg_block_has_review":false,"footnotes":""},"class_list":["post-26485","page","type-page","status-publish","hentry"],"yoast_head":"<!-- This site is optimized with the Yoast SEO plugin v27.3 - https:\/\/yoast.com\/product\/yoast-seo-wordpress\/ -->\n<title>Privaatsuspoliitika - KARINE PARRAS<\/title>\n<meta name=\"robots\" content=\"index, follow, max-snippet:-1, max-image-preview:large, max-video-preview:-1\" \/>\n<link rel=\"canonical\" href=\"https:\/\/karineparras.com\/et\/privaatsuspoliitika\/\" \/>\n<meta property=\"og:locale\" content=\"et_EE\" \/>\n<meta property=\"og:type\" content=\"article\" \/>\n<meta property=\"og:title\" content=\"Privaatsuspoliitika - KARINE PARRAS\" \/>\n<meta property=\"og:description\" content=\"1. Sissejuhatus Veebipoe karineparras.com isikuandmete vastutav t\u00f6\u00f6tleja on TRILLIANTS O\u00dc (registrikood 10810177), asukohaga Suur-Karja 2,&hellip;\" \/>\n<meta property=\"og:url\" content=\"https:\/\/karineparras.com\/et\/privaatsuspoliitika\/\" \/>\n<meta property=\"og:site_name\" content=\"KARINE PARRAS\" \/>\n<meta property=\"article:publisher\" content=\"https:\/\/www.facebook.com\/karineparras\" \/>\n<meta property=\"article:modified_time\" content=\"2024-03-09T04:35:32+00:00\" \/>\n<meta name=\"twitter:card\" content=\"summary_large_image\" \/>\n<meta name=\"twitter:label1\" content=\"Est. reading time\" \/>\n\t<meta name=\"twitter:data1\" content=\"3 minutit\" \/>\n<script type=\"application\/ld+json\" class=\"yoast-schema-graph\">{\"@context\":\"https:\\\/\\\/schema.org\",\"@graph\":[{\"@type\":\"WebPage\",\"@id\":\"https:\\\/\\\/karineparras.com\\\/et\\\/privaatsuspoliitika\\\/\",\"url\":\"https:\\\/\\\/karineparras.com\\\/et\\\/privaatsuspoliitika\\\/\",\"name\":\"Privaatsuspoliitika - KARINE PARRAS\",\"isPartOf\":{\"@id\":\"https:\\\/\\\/karineparras.com\\\/et\\\/#website\"},\"datePublished\":\"2020-08-27T05:23:10+00:00\",\"dateModified\":\"2024-03-09T04:35:32+00:00\",\"breadcrumb\":{\"@id\":\"https:\\\/\\\/karineparras.com\\\/et\\\/privaatsuspoliitika\\\/#breadcrumb\"},\"inLanguage\":\"et\",\"potentialAction\":[{\"@type\":\"ReadAction\",\"target\":[\"https:\\\/\\\/karineparras.com\\\/et\\\/privaatsuspoliitika\\\/\"]}]},{\"@type\":\"BreadcrumbList\",\"@id\":\"https:\\\/\\\/karineparras.com\\\/et\\\/privaatsuspoliitika\\\/#breadcrumb\",\"itemListElement\":[{\"@type\":\"ListItem\",\"position\":1,\"name\":\"Home\",\"item\":\"https:\\\/\\\/karineparras.com\\\/et\\\/karine-parras\\\/\"},{\"@type\":\"ListItem\",\"position\":2,\"name\":\"Privaatsuspoliitika\"}]},{\"@type\":\"WebSite\",\"@id\":\"https:\\\/\\\/karineparras.com\\\/et\\\/#website\",\"url\":\"https:\\\/\\\/karineparras.com\\\/et\\\/\",\"name\":\"KARINE PARRAS\",\"description\":\"\",\"publisher\":{\"@id\":\"https:\\\/\\\/karineparras.com\\\/et\\\/#organization\"},\"potentialAction\":[{\"@type\":\"SearchAction\",\"target\":{\"@type\":\"EntryPoint\",\"urlTemplate\":\"https:\\\/\\\/karineparras.com\\\/et\\\/?s={search_term_string}\"},\"query-input\":{\"@type\":\"PropertyValueSpecification\",\"valueRequired\":true,\"valueName\":\"search_term_string\"}}],\"inLanguage\":\"et\"},{\"@type\":\"Organization\",\"@id\":\"https:\\\/\\\/karineparras.com\\\/et\\\/#organization\",\"name\":\"KARINE PARRAS\",\"url\":\"https:\\\/\\\/karineparras.com\\\/et\\\/\",\"logo\":{\"@type\":\"ImageObject\",\"inLanguage\":\"et\",\"@id\":\"https:\\\/\\\/karineparras.com\\\/et\\\/#\\\/schema\\\/logo\\\/image\\\/\",\"url\":\"https:\\\/\\\/karineparras.com\\\/wp-content\\\/uploads\\\/2023\\\/12\\\/logo-header.png\",\"contentUrl\":\"https:\\\/\\\/karineparras.com\\\/wp-content\\\/uploads\\\/2023\\\/12\\\/logo-header.png\",\"width\":1000,\"height\":60,\"caption\":\"KARINE PARRAS\"},\"image\":{\"@id\":\"https:\\\/\\\/karineparras.com\\\/et\\\/#\\\/schema\\\/logo\\\/image\\\/\"},\"sameAs\":[\"https:\\\/\\\/www.facebook.com\\\/karineparras\",\"https:\\\/\\\/www.instagram.com\\\/karineparras\\\/\"]}]}<\/script>\n<!-- \/ Yoast SEO plugin. -->","yoast_head_json":{"title":"Privaatsuspoliitika - KARINE PARRAS","robots":{"index":"index","follow":"follow","max-snippet":"max-snippet:-1","max-image-preview":"max-image-preview:large","max-video-preview":"max-video-preview:-1"},"canonical":"https:\/\/karineparras.com\/et\/privaatsuspoliitika\/","og_locale":"et_EE","og_type":"article","og_title":"Privaatsuspoliitika - KARINE PARRAS","og_description":"1. Sissejuhatus Veebipoe karineparras.com isikuandmete vastutav t\u00f6\u00f6tleja on TRILLIANTS O\u00dc (registrikood 10810177), asukohaga Suur-Karja 2,&hellip;","og_url":"https:\/\/karineparras.com\/et\/privaatsuspoliitika\/","og_site_name":"KARINE PARRAS","article_publisher":"https:\/\/www.facebook.com\/karineparras","article_modified_time":"2024-03-09T04:35:32+00:00","twitter_card":"summary_large_image","twitter_misc":{"Est. reading time":"3 minutit"},"schema":{"@context":"https:\/\/schema.org","@graph":[{"@type":"WebPage","@id":"https:\/\/karineparras.com\/et\/privaatsuspoliitika\/","url":"https:\/\/karineparras.com\/et\/privaatsuspoliitika\/","name":"Privaatsuspoliitika - KARINE PARRAS","isPartOf":{"@id":"https:\/\/karineparras.com\/et\/#website"},"datePublished":"2020-08-27T05:23:10+00:00","dateModified":"2024-03-09T04:35:32+00:00","breadcrumb":{"@id":"https:\/\/karineparras.com\/et\/privaatsuspoliitika\/#breadcrumb"},"inLanguage":"et","potentialAction":[{"@type":"ReadAction","target":["https:\/\/karineparras.com\/et\/privaatsuspoliitika\/"]}]},{"@type":"BreadcrumbList","@id":"https:\/\/karineparras.com\/et\/privaatsuspoliitika\/#breadcrumb","itemListElement":[{"@type":"ListItem","position":1,"name":"Home","item":"https:\/\/karineparras.com\/et\/karine-parras\/"},{"@type":"ListItem","position":2,"name":"Privaatsuspoliitika"}]},{"@type":"WebSite","@id":"https:\/\/karineparras.com\/et\/#website","url":"https:\/\/karineparras.com\/et\/","name":"KARINE PARRAS","description":"","publisher":{"@id":"https:\/\/karineparras.com\/et\/#organization"},"potentialAction":[{"@type":"SearchAction","target":{"@type":"EntryPoint","urlTemplate":"https:\/\/karineparras.com\/et\/?s={search_term_string}"},"query-input":{"@type":"PropertyValueSpecification","valueRequired":true,"valueName":"search_term_string"}}],"inLanguage":"et"},{"@type":"Organization","@id":"https:\/\/karineparras.com\/et\/#organization","name":"KARINE PARRAS","url":"https:\/\/karineparras.com\/et\/","logo":{"@type":"ImageObject","inLanguage":"et","@id":"https:\/\/karineparras.com\/et\/#\/schema\/logo\/image\/","url":"https:\/\/karineparras.com\/wp-content\/uploads\/2023\/12\/logo-header.png","contentUrl":"https:\/\/karineparras.com\/wp-content\/uploads\/2023\/12\/logo-header.png","width":1000,"height":60,"caption":"KARINE PARRAS"},"image":{"@id":"https:\/\/karineparras.com\/et\/#\/schema\/logo\/image\/"},"sameAs":["https:\/\/www.facebook.com\/karineparras","https:\/\/www.instagram.com\/karineparras\/"]}]}},"_links":{"self":[{"href":"https:\/\/karineparras.com\/et\/wp-json\/wp\/v2\/pages\/26485","targetHints":{"allow":["GET"]}}],"collection":[{"href":"https:\/\/karineparras.com\/et\/wp-json\/wp\/v2\/pages"}],"about":[{"href":"https:\/\/karineparras.com\/et\/wp-json\/wp\/v2\/types\/page"}],"author":[{"embeddable":true,"href":"https:\/\/karineparras.com\/et\/wp-json\/wp\/v2\/users\/1"}],"replies":[{"embeddable":true,"href":"https:\/\/karineparras.com\/et\/wp-json\/wp\/v2\/comments?post=26485"}],"version-history":[{"count":1,"href":"https:\/\/karineparras.com\/et\/wp-json\/wp\/v2\/pages\/26485\/revisions"}],"predecessor-version":[{"id":26486,"href":"https:\/\/karineparras.com\/et\/wp-json\/wp\/v2\/pages\/26485\/revisions\/26486"}],"wp:attachment":[{"href":"https:\/\/karineparras.com\/et\/wp-json\/wp\/v2\/media?parent=26485"}],"curies":[{"name":"wp","href":"https:\/\/api.w.org\/{rel}","templated":true}]}}