{"id":26351,"date":"2022-05-13T18:00:05","date_gmt":"2022-05-13T15:00:05","guid":{"rendered":"https:\/\/karineparras.com\/kohandatud\/"},"modified":"2025-06-07T18:44:44","modified_gmt":"2025-06-07T15:44:44","slug":"bespoke-et","status":"publish","type":"page","link":"https:\/\/karineparras.com\/et\/bespoke-et\/","title":{"rendered":"Unikaalsed"},"content":{"rendered":"\t\t<div data-elementor-type=\"wp-page\" data-elementor-id=\"26351\" class=\"elementor elementor-26351 elementor-17925\" wpc-filter-elementor-widget=\"1\">\n\t\t\t\t\t\t<section class=\"elementor-section elementor-top-section elementor-element elementor-element-1878cca3 elementor-section-boxed elementor-section-height-default elementor-section-height-default sc_fly_static\" data-id=\"1878cca3\" data-element_type=\"section\" data-e-type=\"section\">\n\t\t\t\t\t\t<div class=\"elementor-container elementor-column-gap-extended\">\n\t\t\t\t\t<div class=\"elementor-column elementor-col-100 elementor-top-column elementor-element elementor-element-7d3b06c7 sc_content_align_inherit sc_layouts_column_icons_position_left sc_fly_static\" data-id=\"7d3b06c7\" data-element_type=\"column\" data-e-type=\"column\">\n\t\t\t<div class=\"elementor-widget-wrap elementor-element-populated\">\n\t\t\t\t\t\t<div class=\"elementor-element elementor-element-ec65212 sc_height_tiny sc_fly_static elementor-widget elementor-widget-spacer\" data-id=\"ec65212\" data-element_type=\"widget\" data-e-type=\"widget\" data-widget_type=\"spacer.default\">\n\t\t\t\t<div class=\"elementor-widget-container\">\n\t\t\t\t\t\t\t<div class=\"elementor-spacer\">\n\t\t\t<div class=\"elementor-spacer-inner\"><\/div>\n\t\t<\/div>\n\t\t\t\t\t\t<\/div>\n\t\t\t\t<\/div>\n\t\t\t\t<div class=\"elementor-element elementor-element-584fd32 sc_fly_static elementor-widget elementor-widget-heading\" data-id=\"584fd32\" data-element_type=\"widget\" data-e-type=\"widget\" data-widget_type=\"heading.default\">\n\t\t\t\t<div class=\"elementor-widget-container\">\n\t\t\t\t\t<h5 class=\"elementor-heading-title elementor-size-default\">Meie k\u00f5ige eksklusiivsematele klientidele loodud ainulaadsed eritellimused.<\/h5>\t\t\t\t<\/div>\n\t\t\t\t<\/div>\n\t\t\t\t<div class=\"elementor-element elementor-element-19ce1a1a sc_height_medium sc_fly_static elementor-widget elementor-widget-spacer\" data-id=\"19ce1a1a\" data-element_type=\"widget\" data-e-type=\"widget\" data-widget_type=\"spacer.default\">\n\t\t\t\t<div class=\"elementor-widget-container\">\n\t\t\t\t\t\t\t<div class=\"elementor-spacer\">\n\t\t\t<div class=\"elementor-spacer-inner\"><\/div>\n\t\t<\/div>\n\t\t\t\t\t\t<\/div>\n\t\t\t\t<\/div>\n\t\t\t\t<div class=\"elementor-element elementor-element-2341ae46 sc_fly_static elementor-widget elementor-widget-trx_sc_services\" data-id=\"2341ae46\" data-element_type=\"widget\" data-e-type=\"widget\" data-widget_type=\"trx_sc_services.default\">\n\t\t\t\t<div class=\"elementor-widget-container\">\n\t\t\t\t\t<div class=\"sc_services sc_services_creative sc_services_featured_top\"><div class=\"sc_services_columns_wrap sc_item_columns sc_item_posts_container sc_item_columns_2 trx_addons_columns_wrap columns_padding_bottom\"><div class=\"trx_addons_column-1_2 \"><div data-post-id=\"29384\" class=\"sc_services_item sc_item_container post_container tilt_action no_links with_content with_image sc_services_item_featured_none post-29384 cpt_services type-cpt_services status-publish has-post-thumbnail hentry cpt_services_group-unikaalsed\">\r\n\t\t<div class=\"sc_services_item_content \" style=\"background-image: url(https:\/\/karineparras.com\/wp-content\/uploads\/2022\/10\/bee-1-840x840.png);\">\r\n\t\t\t\t<div class=\"sc_services_item_content_inner\">\r\n        <div class=\"sc_services_item_content_inner_bottom\"><div class=\"sc_services_item_text\"><p>18K kollane kuld, mustad teemandid, valged teemandid, L\u00f5unamere p\u00e4rl 24mm<\/p>\n<\/div><h6 class=\"sc_services_item_title\">&#8220;Bee&#8221; Pross<\/h6>\r\n                <\/div><\/div><\/div><\/div><\/div><div class=\"trx_addons_column-1_2 \"><div data-post-id=\"29385\" class=\"sc_services_item sc_item_container post_container tilt_action no_links with_content with_image sc_services_item_featured_none post-29385 cpt_services type-cpt_services status-publish has-post-thumbnail hentry cpt_services_group-unikaalsed\">\r\n\t\t<div class=\"sc_services_item_content \" style=\"background-image: url(https:\/\/karineparras.com\/wp-content\/uploads\/2022\/10\/Black-Diamond-and-Yellow-Diamond-Rose-Cocktail-Rings-1-840x840.png);\">\r\n\t\t\t\t<div class=\"sc_services_item_content_inner\">\r\n        <div class=\"sc_services_item_content_inner_bottom\"><div class=\"sc_services_item_text\"><p>18K valge kuld, mustad teemandid, hallid teemandid, 18K kollane kuld, kollased teemandid, valged teemandid<\/p>\n<\/div><h6 class=\"sc_services_item_title\">&#8220;Black Diamond and Yellow Diamond Rose&#8221; Kokteils\u00f5rmused<\/h6>\r\n                <\/div><\/div><\/div><\/div><\/div><div class=\"trx_addons_column-1_2 \"><div data-post-id=\"29382\" class=\"sc_services_item sc_item_container post_container tilt_action no_links with_content with_image sc_services_item_featured_none post-29382 cpt_services type-cpt_services status-publish has-post-thumbnail hentry cpt_services_group-unikaalsed\">\r\n\t\t<div class=\"sc_services_item_content \" style=\"background-image: url(https:\/\/karineparras.com\/wp-content\/uploads\/2022\/10\/Chrysoprase-ring-1-840x840.png);\">\r\n\t\t\t\t<div class=\"sc_services_item_content_inner\">\r\n        <div class=\"sc_services_item_content_inner_bottom\"><div class=\"sc_services_item_text\"><p>18K roosa kuld, 100ct kr\u00fcsopraas, roosad safiirid<\/p>\n<\/div><h6 class=\"sc_services_item_title\">&#8220;Chrysoprase&#8221; S\u00f5rmus<\/h6>\r\n                <\/div><\/div><\/div><\/div><\/div><div class=\"trx_addons_column-1_2 \"><div data-post-id=\"29386\" class=\"sc_services_item sc_item_container post_container tilt_action no_links with_content with_image sc_services_item_featured_none post-29386 cpt_services type-cpt_services status-publish has-post-thumbnail hentry cpt_services_group-unikaalsed\">\r\n\t\t<div class=\"sc_services_item_content \" style=\"background-image: url(https:\/\/karineparras.com\/wp-content\/uploads\/2020\/04\/flower_ring_diamonds_rubies-840x1260.jpg);\">\r\n\t\t\t\t<div class=\"sc_services_item_content_inner\">\r\n        <div class=\"sc_services_item_content_inner_bottom\"><div class=\"sc_services_item_text\"><p>18K valge kuld, valged teemandid, rubiinid<\/p>\n<\/div><h6 class=\"sc_services_item_title\">&#8220;Flower&#8221; S\u00f5rmus<\/h6>\r\n                <\/div><\/div><\/div><\/div><\/div><div class=\"trx_addons_column-1_2 \"><div data-post-id=\"29377\" class=\"sc_services_item sc_item_container post_container tilt_action no_links with_content with_image sc_services_item_featured_none post-29377 cpt_services type-cpt_services status-publish has-post-thumbnail hentry cpt_services_group-unikaalsed\">\r\n\t\t<div class=\"sc_services_item_content \" style=\"background-image: url(https:\/\/karineparras.com\/wp-content\/uploads\/2022\/10\/Golden-Bowtie-1-840x840.png);\">\r\n\t\t\t\t<div class=\"sc_services_item_content_inner\">\r\n        <div class=\"sc_services_item_content_inner_bottom\"><div class=\"sc_services_item_text\"><p>18K kollane kuld, teemandid, L\u00f5unamere p\u00e4rl<\/p>\n<\/div><h6 class=\"sc_services_item_title\">&#8220;Golden Bowtie&#8221; Pross<\/h6>\r\n                <\/div><\/div><\/div><\/div><\/div><div class=\"trx_addons_column-1_2 \"><div data-post-id=\"29376\" class=\"sc_services_item sc_item_container post_container tilt_action no_links with_content with_image sc_services_item_featured_none post-29376 cpt_services type-cpt_services status-publish has-post-thumbnail hentry cpt_services_group-unikaalsed\">\r\n\t\t<div class=\"sc_services_item_content \" style=\"background-image: url(https:\/\/karineparras.com\/wp-content\/uploads\/2022\/10\/Golden-Dragonfly-1-840x840.png);\">\r\n\t\t\t\t<div class=\"sc_services_item_content_inner\">\r\n        <div class=\"sc_services_item_content_inner_bottom\"><div class=\"sc_services_item_text\"><p>18K kollane kuld, kollased safiirid, L\u00f5unamere p\u00e4rl<\/p>\n<\/div><h6 class=\"sc_services_item_title\">&#8220;Golden Dragonfly&#8221; Pross<\/h6>\r\n                <\/div><\/div><\/div><\/div><\/div><div class=\"trx_addons_column-1_2 \"><div data-post-id=\"29387\" class=\"sc_services_item sc_item_container post_container tilt_action no_links with_content with_image sc_services_item_featured_none post-29387 cpt_services type-cpt_services status-publish has-post-thumbnail hentry cpt_services_group-unikaalsed\">\r\n\t\t<div class=\"sc_services_item_content \" style=\"background-image: url(https:\/\/karineparras.com\/wp-content\/uploads\/2022\/10\/Golden-South-Sea-Baroque-Pearl-Cocktail-Ring-3-1-840x840.png);\">\r\n\t\t\t\t<div class=\"sc_services_item_content_inner\">\r\n        <div class=\"sc_services_item_content_inner_bottom\"><div class=\"sc_services_item_text\"><p>18K valge kuld, hallid teemandid, L\u00f5unamere p\u00e4rl, 18K kollane kuld, kollased teemandid, L\u00f5unamere p\u00e4rl<\/p>\n<\/div><h6 class=\"sc_services_item_title\">&#8220;Golden South Sea Baroque Pearl&#8221; Kokteils\u00f5rmused<\/h6>\r\n                <\/div><\/div><\/div><\/div><\/div><div class=\"trx_addons_column-1_2 \"><div data-post-id=\"29380\" class=\"sc_services_item sc_item_container post_container tilt_action no_links with_content with_image sc_services_item_featured_none post-29380 cpt_services type-cpt_services status-publish has-post-thumbnail hentry cpt_services_group-unikaalsed\">\r\n\t\t<div class=\"sc_services_item_content \" style=\"background-image: url(https:\/\/karineparras.com\/wp-content\/uploads\/2022\/10\/Goldfish-Brooch-1-840x840.png);\">\r\n\t\t\t\t<div class=\"sc_services_item_content_inner\">\r\n        <div class=\"sc_services_item_content_inner_bottom\"><div class=\"sc_services_item_text\"><p>18K valge kuld, teemandid, akvamariin<\/p>\n<\/div><h6 class=\"sc_services_item_title\">&#8220;Goldfish&#8221; Pross<\/h6>\r\n                <\/div><\/div><\/div><\/div><\/div><div class=\"trx_addons_column-1_2 \"><div data-post-id=\"29391\" class=\"sc_services_item sc_item_container post_container tilt_action no_links with_content with_image sc_services_item_featured_none post-29391 cpt_services type-cpt_services status-publish has-post-thumbnail hentry cpt_services_group-unikaalsed\">\r\n\t\t<div class=\"sc_services_item_content \" style=\"background-image: url(https:\/\/karineparras.com\/wp-content\/uploads\/2022\/10\/Green-Roses-Set-1-840x840.png);\">\r\n\t\t\t\t<div class=\"sc_services_item_content_inner\">\r\n        <div class=\"sc_services_item_content_inner_bottom\"><div class=\"sc_services_item_text\"><p>18K roosa kuld, rubiinid, tsavoriit, fluoriit<\/p>\n<\/div><h6 class=\"sc_services_item_title\">&#8220;Green Roses&#8221; Komplekt<\/h6>\r\n                <\/div><\/div><\/div><\/div><\/div><div class=\"trx_addons_column-1_2 \"><div data-post-id=\"29389\" class=\"sc_services_item sc_item_container post_container tilt_action no_links with_content with_image sc_services_item_featured_none post-29389 cpt_services type-cpt_services status-publish has-post-thumbnail hentry cpt_services_group-unikaalsed\">\r\n\t\t<div class=\"sc_services_item_content \" style=\"background-image: url(https:\/\/karineparras.com\/wp-content\/uploads\/2022\/10\/Heartbreaker-South-Sea-Pearl-1-840x840.png);\">\r\n\t\t\t\t<div class=\"sc_services_item_content_inner\">\r\n        <div class=\"sc_services_item_content_inner_bottom\"><div class=\"sc_services_item_text\"><p>18K kollane kuld, 0.57ctw FG VS teemandid, 1.17ctw kollased safiirid, L\u00f5unamere p\u00e4rl 22mm<\/p>\n<\/div><h6 class=\"sc_services_item_title\">&#8220;Heartbreaker&#8221; L\u00f5unamere p\u00e4rl Kokteils\u00f5rmus<\/h6>\r\n                <\/div><\/div><\/div><\/div><\/div><div class=\"trx_addons_column-1_2 \"><div data-post-id=\"29388\" class=\"sc_services_item sc_item_container post_container tilt_action no_links with_content with_image sc_services_item_featured_none post-29388 cpt_services type-cpt_services status-publish has-post-thumbnail hentry cpt_services_group-unikaalsed\">\r\n\t\t<div class=\"sc_services_item_content \" style=\"background-image: url(https:\/\/karineparras.com\/wp-content\/uploads\/2022\/10\/Heartbreaker-Tanzanite-1-840x840.png);\">\r\n\t\t\t\t<div class=\"sc_services_item_content_inner\">\r\n        <div class=\"sc_services_item_content_inner_bottom\"><div class=\"sc_services_item_text\"><p>18K valge kuld, 20ct tanzaniit, valged teemandid, hallid teemandid<\/p>\n<\/div><h6 class=\"sc_services_item_title\">&#8220;Heartbreaker&#8221; Tanzaniit Kokteils\u00f5rmus<\/h6>\r\n                <\/div><\/div><\/div><\/div><\/div><div class=\"trx_addons_column-1_2 \"><div data-post-id=\"29390\" class=\"sc_services_item sc_item_container post_container tilt_action no_links with_content with_image sc_services_item_featured_none post-29390 cpt_services type-cpt_services status-publish has-post-thumbnail hentry cpt_services_group-unikaalsed\">\r\n\t\t<div class=\"sc_services_item_content \" style=\"background-image: url(https:\/\/karineparras.com\/wp-content\/uploads\/2022\/10\/La-Famme-Cocktail-Ring-1-840x840.png);\">\r\n\t\t\t\t<div class=\"sc_services_item_content_inner\">\r\n        <div class=\"sc_services_item_content_inner_bottom\"><div class=\"sc_services_item_text\"><p>18K roosa kuld, eriv\u00e4rvi safiirid<\/p>\n<\/div><h6 class=\"sc_services_item_title\">&#8220;La Femme&#8221; S\u00f5rmus<\/h6>\r\n                <\/div><\/div><\/div><\/div><\/div><div class=\"trx_addons_column-1_2 \"><div data-post-id=\"29383\" class=\"sc_services_item sc_item_container post_container tilt_action no_links with_content with_image sc_services_item_featured_none post-29383 cpt_services type-cpt_services status-publish has-post-thumbnail hentry cpt_services_group-unikaalsed\">\r\n\t\t<div class=\"sc_services_item_content \" style=\"background-image: url(https:\/\/karineparras.com\/wp-content\/uploads\/2022\/10\/scorpion-1-840x840.png);\">\r\n\t\t\t\t<div class=\"sc_services_item_content_inner\">\r\n        <div class=\"sc_services_item_content_inner_bottom\"><div class=\"sc_services_item_text\"><p>18K valge kuld, teemandxid, rubiinid, Tahiti p\u00e4rl 25mm<\/p>\n<\/div><h6 class=\"sc_services_item_title\">&#8220;Scorpion&#8221; Pross<\/h6>\r\n                <\/div><\/div><\/div><\/div><\/div><div class=\"trx_addons_column-1_2 \"><div data-post-id=\"29381\" class=\"sc_services_item sc_item_container post_container tilt_action no_links with_content with_image sc_services_item_featured_none post-29381 cpt_services type-cpt_services status-publish has-post-thumbnail hentry cpt_services_group-unikaalsed\">\r\n\t\t<div class=\"sc_services_item_content \" style=\"background-image: url(https:\/\/karineparras.com\/wp-content\/uploads\/2022\/10\/Staircase-Ring-1-840x840.png);\">\r\n\t\t\t\t<div class=\"sc_services_item_content_inner\">\r\n        <div class=\"sc_services_item_content_inner_bottom\"><div class=\"sc_services_item_text\"><p>18K kollane kuld, FG VS teemandid, kollased safiirid, kuldne L\u00f5unamere p\u00e4rl 13mm<\/p>\n<\/div><h6 class=\"sc_services_item_title\">&#8220;Staircase&#8221; S\u00f5rmus<\/h6>\r\n                <\/div><\/div><\/div><\/div><\/div><div class=\"trx_addons_column-1_2 \"><div data-post-id=\"29378\" class=\"sc_services_item sc_item_container post_container tilt_action no_links with_content with_image sc_services_item_featured_none post-29378 cpt_services type-cpt_services status-publish has-post-thumbnail hentry cpt_services_group-unikaalsed\">\r\n\t\t<div class=\"sc_services_item_content \" style=\"background-image: url(https:\/\/karineparras.com\/wp-content\/uploads\/2022\/10\/wing-ring-1-840x840.png);\">\r\n\t\t\t\t<div class=\"sc_services_item_content_inner\">\r\n        <div class=\"sc_services_item_content_inner_bottom\"><div class=\"sc_services_item_text\"><p>18K valge kuld, teemandid, sinised safiirid, L\u00f5unamere p\u00e4rl 23mm<\/p>\n<\/div><h6 class=\"sc_services_item_title\">&#8220;Wing&#8221; S\u00f5rmus<\/h6>\r\n                <\/div><\/div><\/div><\/div><\/div><div class=\"trx_addons_column-1_2 \"><div data-post-id=\"29379\" class=\"sc_services_item sc_item_container post_container tilt_action no_links with_content with_image sc_services_item_featured_none post-29379 cpt_services type-cpt_services status-publish has-post-thumbnail hentry cpt_services_group-unikaalsed\">\r\n\t\t<div class=\"sc_services_item_content \" style=\"background-image: url(https:\/\/karineparras.com\/wp-content\/uploads\/2022\/10\/Yellow-Roses-Set-1-840x840.png);\">\r\n\t\t\t\t<div class=\"sc_services_item_content_inner\">\r\n        <div class=\"sc_services_item_content_inner_bottom\"><div class=\"sc_services_item_text\"><p>18K kollane kuld, kollased teemandid, valged teemandid, L\u00f5unamere p\u00e4rl<\/p>\n<\/div><h6 class=\"sc_services_item_title\">&#8220;Yellow Roses&#8221; Komplekt<\/h6>\r\n                <\/div><\/div><\/div><\/div><\/div><\/div><\/div>\t\t\t\t<\/div>\n\t\t\t\t<\/div>\n\t\t\t\t<div class=\"elementor-element elementor-element-28536374 sc_height_medium sc_fly_static elementor-widget elementor-widget-spacer\" data-id=\"28536374\" data-element_type=\"widget\" data-e-type=\"widget\" data-widget_type=\"spacer.default\">\n\t\t\t\t<div class=\"elementor-widget-container\">\n\t\t\t\t\t\t\t<div class=\"elementor-spacer\">\n\t\t\t<div class=\"elementor-spacer-inner\"><\/div>\n\t\t<\/div>\n\t\t\t\t\t\t<\/div>\n\t\t\t\t<\/div>\n\t\t\t\t\t<\/div>\n\t\t<\/div>\n\t\t\t\t\t<\/div>\n\t\t<\/section>\n\t\t\t\t<\/div>\n\t\t","protected":false},"excerpt":{"rendered":"<p>Meie k\u00f5ige eksklusiivsematele klientidele loodud ainulaadsed eritellimused.<\/p>\n","protected":false},"author":1,"featured_media":0,"parent":0,"menu_order":0,"comment_status":"closed","ping_status":"closed","template":"","meta":{"_themeisle_gutenberg_block_has_review":false,"footnotes":""},"class_list":["post-26351","page","type-page","status-publish","hentry"],"yoast_head":"<!-- This site is optimized with the Yoast SEO plugin v27.3 - https:\/\/yoast.com\/product\/yoast-seo-wordpress\/ -->\n<title>Unikaalsed - KARINE PARRAS<\/title>\n<meta name=\"robots\" content=\"index, follow, max-snippet:-1, max-image-preview:large, max-video-preview:-1\" \/>\n<link rel=\"canonical\" href=\"https:\/\/karineparras.com\/et\/bespoke-et\/\" \/>\n<meta property=\"og:locale\" content=\"et_EE\" \/>\n<meta property=\"og:type\" content=\"article\" \/>\n<meta property=\"og:title\" content=\"Unikaalsed - KARINE PARRAS\" \/>\n<meta property=\"og:description\" content=\"Meie k\u00f5ige eksklusiivsematele klientidele loodud ainulaadsed eritellimused.\" \/>\n<meta property=\"og:url\" content=\"https:\/\/karineparras.com\/et\/bespoke-et\/\" \/>\n<meta property=\"og:site_name\" content=\"KARINE PARRAS\" \/>\n<meta property=\"article:publisher\" content=\"https:\/\/www.facebook.com\/karineparras\" \/>\n<meta property=\"article:modified_time\" content=\"2025-06-07T15:44:44+00:00\" \/>\n<meta name=\"twitter:card\" content=\"summary_large_image\" \/>\n<meta name=\"twitter:label1\" content=\"Est. reading time\" \/>\n\t<meta name=\"twitter:data1\" content=\"1 minut\" \/>\n<script type=\"application\/ld+json\" class=\"yoast-schema-graph\">{\"@context\":\"https:\\\/\\\/schema.org\",\"@graph\":[{\"@type\":\"WebPage\",\"@id\":\"https:\\\/\\\/karineparras.com\\\/et\\\/bespoke-et\\\/\",\"url\":\"https:\\\/\\\/karineparras.com\\\/et\\\/bespoke-et\\\/\",\"name\":\"Unikaalsed - KARINE PARRAS\",\"isPartOf\":{\"@id\":\"https:\\\/\\\/karineparras.com\\\/et\\\/#website\"},\"datePublished\":\"2022-05-13T15:00:05+00:00\",\"dateModified\":\"2025-06-07T15:44:44+00:00\",\"breadcrumb\":{\"@id\":\"https:\\\/\\\/karineparras.com\\\/et\\\/bespoke-et\\\/#breadcrumb\"},\"inLanguage\":\"et\",\"potentialAction\":[{\"@type\":\"ReadAction\",\"target\":[\"https:\\\/\\\/karineparras.com\\\/et\\\/bespoke-et\\\/\"]}]},{\"@type\":\"BreadcrumbList\",\"@id\":\"https:\\\/\\\/karineparras.com\\\/et\\\/bespoke-et\\\/#breadcrumb\",\"itemListElement\":[{\"@type\":\"ListItem\",\"position\":1,\"name\":\"Home\",\"item\":\"https:\\\/\\\/karineparras.com\\\/et\\\/karine-parras\\\/\"},{\"@type\":\"ListItem\",\"position\":2,\"name\":\"Unikaalsed\"}]},{\"@type\":\"WebSite\",\"@id\":\"https:\\\/\\\/karineparras.com\\\/et\\\/#website\",\"url\":\"https:\\\/\\\/karineparras.com\\\/et\\\/\",\"name\":\"KARINE PARRAS\",\"description\":\"\",\"publisher\":{\"@id\":\"https:\\\/\\\/karineparras.com\\\/et\\\/#organization\"},\"potentialAction\":[{\"@type\":\"SearchAction\",\"target\":{\"@type\":\"EntryPoint\",\"urlTemplate\":\"https:\\\/\\\/karineparras.com\\\/et\\\/?s={search_term_string}\"},\"query-input\":{\"@type\":\"PropertyValueSpecification\",\"valueRequired\":true,\"valueName\":\"search_term_string\"}}],\"inLanguage\":\"et\"},{\"@type\":\"Organization\",\"@id\":\"https:\\\/\\\/karineparras.com\\\/et\\\/#organization\",\"name\":\"KARINE PARRAS\",\"url\":\"https:\\\/\\\/karineparras.com\\\/et\\\/\",\"logo\":{\"@type\":\"ImageObject\",\"inLanguage\":\"et\",\"@id\":\"https:\\\/\\\/karineparras.com\\\/et\\\/#\\\/schema\\\/logo\\\/image\\\/\",\"url\":\"https:\\\/\\\/karineparras.com\\\/wp-content\\\/uploads\\\/2023\\\/12\\\/logo-header.png\",\"contentUrl\":\"https:\\\/\\\/karineparras.com\\\/wp-content\\\/uploads\\\/2023\\\/12\\\/logo-header.png\",\"width\":1000,\"height\":60,\"caption\":\"KARINE PARRAS\"},\"image\":{\"@id\":\"https:\\\/\\\/karineparras.com\\\/et\\\/#\\\/schema\\\/logo\\\/image\\\/\"},\"sameAs\":[\"https:\\\/\\\/www.facebook.com\\\/karineparras\",\"https:\\\/\\\/www.instagram.com\\\/karineparras\\\/\"]}]}<\/script>\n<!-- \/ Yoast SEO plugin. -->","yoast_head_json":{"title":"Unikaalsed - KARINE PARRAS","robots":{"index":"index","follow":"follow","max-snippet":"max-snippet:-1","max-image-preview":"max-image-preview:large","max-video-preview":"max-video-preview:-1"},"canonical":"https:\/\/karineparras.com\/et\/bespoke-et\/","og_locale":"et_EE","og_type":"article","og_title":"Unikaalsed - KARINE PARRAS","og_description":"Meie k\u00f5ige eksklusiivsematele klientidele loodud ainulaadsed eritellimused.","og_url":"https:\/\/karineparras.com\/et\/bespoke-et\/","og_site_name":"KARINE PARRAS","article_publisher":"https:\/\/www.facebook.com\/karineparras","article_modified_time":"2025-06-07T15:44:44+00:00","twitter_card":"summary_large_image","twitter_misc":{"Est. reading time":"1 minut"},"schema":{"@context":"https:\/\/schema.org","@graph":[{"@type":"WebPage","@id":"https:\/\/karineparras.com\/et\/bespoke-et\/","url":"https:\/\/karineparras.com\/et\/bespoke-et\/","name":"Unikaalsed - KARINE PARRAS","isPartOf":{"@id":"https:\/\/karineparras.com\/et\/#website"},"datePublished":"2022-05-13T15:00:05+00:00","dateModified":"2025-06-07T15:44:44+00:00","breadcrumb":{"@id":"https:\/\/karineparras.com\/et\/bespoke-et\/#breadcrumb"},"inLanguage":"et","potentialAction":[{"@type":"ReadAction","target":["https:\/\/karineparras.com\/et\/bespoke-et\/"]}]},{"@type":"BreadcrumbList","@id":"https:\/\/karineparras.com\/et\/bespoke-et\/#breadcrumb","itemListElement":[{"@type":"ListItem","position":1,"name":"Home","item":"https:\/\/karineparras.com\/et\/karine-parras\/"},{"@type":"ListItem","position":2,"name":"Unikaalsed"}]},{"@type":"WebSite","@id":"https:\/\/karineparras.com\/et\/#website","url":"https:\/\/karineparras.com\/et\/","name":"KARINE PARRAS","description":"","publisher":{"@id":"https:\/\/karineparras.com\/et\/#organization"},"potentialAction":[{"@type":"SearchAction","target":{"@type":"EntryPoint","urlTemplate":"https:\/\/karineparras.com\/et\/?s={search_term_string}"},"query-input":{"@type":"PropertyValueSpecification","valueRequired":true,"valueName":"search_term_string"}}],"inLanguage":"et"},{"@type":"Organization","@id":"https:\/\/karineparras.com\/et\/#organization","name":"KARINE PARRAS","url":"https:\/\/karineparras.com\/et\/","logo":{"@type":"ImageObject","inLanguage":"et","@id":"https:\/\/karineparras.com\/et\/#\/schema\/logo\/image\/","url":"https:\/\/karineparras.com\/wp-content\/uploads\/2023\/12\/logo-header.png","contentUrl":"https:\/\/karineparras.com\/wp-content\/uploads\/2023\/12\/logo-header.png","width":1000,"height":60,"caption":"KARINE PARRAS"},"image":{"@id":"https:\/\/karineparras.com\/et\/#\/schema\/logo\/image\/"},"sameAs":["https:\/\/www.facebook.com\/karineparras","https:\/\/www.instagram.com\/karineparras\/"]}]}},"_links":{"self":[{"href":"https:\/\/karineparras.com\/et\/wp-json\/wp\/v2\/pages\/26351","targetHints":{"allow":["GET"]}}],"collection":[{"href":"https:\/\/karineparras.com\/et\/wp-json\/wp\/v2\/pages"}],"about":[{"href":"https:\/\/karineparras.com\/et\/wp-json\/wp\/v2\/types\/page"}],"author":[{"embeddable":true,"href":"https:\/\/karineparras.com\/et\/wp-json\/wp\/v2\/users\/1"}],"replies":[{"embeddable":true,"href":"https:\/\/karineparras.com\/et\/wp-json\/wp\/v2\/comments?post=26351"}],"version-history":[{"count":19,"href":"https:\/\/karineparras.com\/et\/wp-json\/wp\/v2\/pages\/26351\/revisions"}],"predecessor-version":[{"id":29375,"href":"https:\/\/karineparras.com\/et\/wp-json\/wp\/v2\/pages\/26351\/revisions\/29375"}],"wp:attachment":[{"href":"https:\/\/karineparras.com\/et\/wp-json\/wp\/v2\/media?parent=26351"}],"curies":[{"name":"wp","href":"https:\/\/api.w.org\/{rel}","templated":true}]}}