{"id":25937,"date":"2022-10-21T05:12:22","date_gmt":"2022-10-21T02:12:22","guid":{"rendered":"https:\/\/karineparras.com\/tingimused\/"},"modified":"2024-09-27T16:56:55","modified_gmt":"2024-09-27T13:56:55","slug":"tingimused","status":"publish","type":"page","link":"https:\/\/karineparras.com\/et\/tingimused\/","title":{"rendered":"Tingimused"},"content":{"rendered":"\t\t<div data-elementor-type=\"wp-page\" data-elementor-id=\"25937\" class=\"elementor elementor-25937 elementor-22756\" wpc-filter-elementor-widget=\"1\">\n\t\t\t\t\t\t<section class=\"elementor-section elementor-top-section elementor-element elementor-element-2b1184b0 elementor-section-boxed elementor-section-height-default elementor-section-height-default sc_fly_static\" data-id=\"2b1184b0\" data-element_type=\"section\" data-e-type=\"section\" data-settings=\"{&quot;background_background&quot;:&quot;classic&quot;}\">\n\t\t\t\t\t\t<div class=\"elementor-container elementor-column-gap-extended\">\n\t\t\t\t\t<div class=\"elementor-column elementor-col-100 elementor-top-column elementor-element elementor-element-153e1c19 sc_content_align_inherit sc_layouts_column_icons_position_left sc_fly_static\" data-id=\"153e1c19\" data-element_type=\"column\" data-e-type=\"column\">\n\t\t\t<div class=\"elementor-widget-wrap elementor-element-populated\">\n\t\t\t\t\t\t<div class=\"elementor-element elementor-element-54db29de sc_fly_static elementor-widget elementor-widget-text-editor\" data-id=\"54db29de\" data-element_type=\"widget\" data-e-type=\"widget\" data-widget_type=\"text-editor.default\">\n\t\t\t\t<div class=\"elementor-widget-container\">\n\t\t\t\t\t\t\t\t\t<h5>1. Sissejuhatus<\/h5>\n<p class=\"p1\">Veebipoe karineparras.com (edaspidi veebipood) omanik on <strong>TRILLIANTS O\u00dc<\/strong> (registrikood 10810177), asukohaga Suur-Karja 2, Tallinn, e-post info@karineparras.com.<\/p>\n<h5 class=\"p1\"><span class=\"s1\">2. M\u00fc\u00fcgilepingu tingimused ning teave kaupade ja hindade kohta<\/span><\/h5>\n<p class=\"p2\"><span class=\"s1\">Veebipoest kaupade ostmisel kehtivad m\u00fc\u00fcgitingimused.<\/span><\/p>\n<p class=\"p2\"><span class=\"s1\">Veebipoes m\u00fc\u00fcdavate toodete hinnad on m\u00e4rgitud toodete juures. Hinnale lisatakse tarnetasu. K\u00f5ik hinnad sisaldavad k\u00e4ibemaksu 20%.<\/span><\/p>\n<p class=\"p2\"><span class=\"s1\">Kohaletoimetamise tasu s\u00f5ltub ostja valitud kohaletoimetamisviisist. Tarnekulu kuvatakse ostjale tellimuse esitamisel.<\/span><\/p>\n<p class=\"p2\"><span class=\"s1\">Teave kauba kohta on t\u00e4psustatud veebipoes kohe kauba juures.<\/span><\/p>\n<h5 class=\"p1\"><span class=\"s1\">3. Tellimuse esitamine<\/span><\/h5>\n<p class=\"p2\"><span class=\"s1\">Tellimuse tegemiseks tuleb soovitud kaubad lisada ostukorvi.<\/span><\/p>\n<p class=\"p2\"><span class=\"s1\">Ostukorvi avamisel kuvatakse ekraanil teie valitud tooted ja kogusumma. Soovi korral v\u00f5ib toodete kogust muuta v\u00f5i tooteid eemaldada.<\/span><\/p>\n<p class=\"p2\"><span class=\"s1\">Kui k\u00f5ik tooted on valitud, tuleb vajutada nuppu &#8220;CHECK OUT NOW&#8221;.<\/span><\/p>\n<p class=\"p2\"><span class=\"s1\">Tellimuse esitamiseks tuleb t\u00e4ita k\u00f5ik n\u00f5utavad andmev\u00e4ljad ja valida sobiv toodete tarneviis. Leping j\u00f5ustub p\u00e4rast seda, kui tasumisele kuuluv summa on kantud veebipoe pangakontole.<\/span><\/p>\n<p class=\"p2\"><span class=\"s1\">Kui tellitud kaupa ei saa tarnida, sest see on otsas v\u00f5i muul p\u00f5hjusel, teavitatakse sellest ostjat niipea kui v\u00f5imalik ja makstud summa (sealhulgas tarnetasu) tagastatakse viivitamata, kuid mitte hiljem kui 14 p\u00e4eva jooksul alates teate k\u00e4ttesaamisest.<\/span><\/p>\n<h5 class=\"p1\"><span class=\"s1\">4. Maksmine<\/span><\/h5>\n<p class=\"p2\"><span class=\"s1\">Kui maksekeskus on valitud, on v\u00f5imalik kasutada j\u00e4rgmisi makseviise:<\/span><\/p>\n<ul>\n<li class=\"p2\"><span class=\"s1\">pangalinkid<\/span><\/li>\n<li class=\"p2\">Mastercard ja Visa krediitkaart<\/li>\n<li class=\"p2\">PayPal<\/li>\n<li class=\"p2\">Panga\u00fclekanne<\/li>\n<\/ul>\n<p class=\"p2\"><span class=\"s1\">Kaupade eest tasumine toimub eurodes.<\/span><\/p>\n<p class=\"p2\"><span class=\"s1\">Kui on valitud panga\u00fclekanne, siis p\u00e4rast tellimuse kinnitamist kuvatakse maksejuhised. Juhised saadetakse ka e-posti aadressile, mille ostja on tellimuse esitamisel sisestanud. P\u00e4rast panga\u00fclekande laekumist saadetakse kaup postiga vastavalt ostja valitud tarneviisile.<\/span><\/p>\n<p class=\"p2\"><span class=\"s1\"><strong>TRIILIANTS O\u00dc<\/strong> on isikuandmete t\u00f6\u00f6tlemise eesm\u00e4rgil vastutav t\u00f6\u00f6tleja ja <strong>TRIILIANTS O\u00dc<\/strong> edastab maksete teostamiseks vajalikud isikuandmed volitatud t\u00f6\u00f6tlejale, Montonio Finance UAB-le.<\/span><\/p>\n<h5 class=\"p1\"><span class=\"s1\">5. Kohaletoimetamine<\/span><\/h5>\n<p class=\"p2\"><span class=\"s1\">Kaupu saadetakse k\u00f5ikidesse Euroopa Liidu riikidesse.<\/span><\/p>\n<p class=\"p2\">karineparras.com kasutab UPSi kullerteenust, et kaup ostjale k\u00e4tte toimetada.<\/p>\n<p class=\"p3\"><span class=\"s1\">Saatmiskulud kannab ostja ja asjaomased hinna \u00fcksikasjad on n\u00e4idatud saatmisviisi k\u00f5rval.<\/span><\/p>\n<p class=\"p2\"><span class=\"s1\">Eesti piires j\u00f5uavad pakid tavaliselt ostja m\u00e4\u00e4ratud asukohta 3-14 t\u00f6\u00f6p\u00e4eva jooksul alates m\u00fc\u00fcgilepingu j\u00f5ustumisest, s\u00f5ltuvalt tootevalikust. Erandjuhtudel v\u00f5idakse kaup tarnida kuni 30 kalendrip\u00e4eva jooksul. Lisateabe saamiseks kirjutage aadressil <span class=\"s2\">info@karineparras.com<\/span> v\u00f5i helistage tel. +372  <\/span>56004244.<\/p>\n<p class=\"p2\"><span class=\"s1\">V\u00e4ljaspool Eestit j\u00f5uavad pakid tavaliselt ostja poolt m\u00e4\u00e4ratud asukohta 7-21 t\u00f6\u00f6p\u00e4eva jooksul alates m\u00fc\u00fcgilepingu j\u00f5ustumisest, s\u00f5ltuvalt tootevalikust. Erandjuhtudel v\u00f5idakse kaup tarnida kuni 30 kalendrip\u00e4eva jooksul.<br \/><\/span><\/p>\n<h5 class=\"p1\"><span class=\"s1\">6. Taganemis\u00f5igus<\/span><\/h5>\n<p class=\"p2\"><span class=\"s1\">P\u00e4rast tellimuse saamist on ostjal 14 p\u00e4eva aega veebipoes s\u00f5lmitud lepingust taganeda.<\/span><\/p>\n<p class=\"p2\"><span class=\"s1\">Taganemis\u00f5igus ei kehti, kui ostja on juriidiline isik.<\/span><\/p>\n<p class=\"p2\"><span class=\"s1\">Taganemis\u00f5igus ei kehti allahinnatud toodete puhul.<\/span><\/p>\n<p class=\"p2\"><span class=\"s1\">Tagastatav toode peab sisaldama k\u00f5iki saadud elemente.<\/span><\/p>\n<p class=\"p2\"><span class=\"s1\">Kauba tagastamiseks peab ostja esitama 14 p\u00e4eva jooksul p\u00e4rast kauba k\u00e4ttesaamist kauba ostmisest taganemisavalduse ja saatma selle e-posti aadressile info@karineparras.com.<\/span><\/p>\n<p class=\"p2\"><span class=\"s1\">Kauba tagastamisega seotud kulud kannab ostja, v\u00e4lja arvatud juhul, kui tagastamise p\u00f5hjuseks on asjaolu, et tagastatav toode ei vasta tellitule (vale v\u00f5i vigane toode).<\/span><\/p>\n<p class=\"p2\"><span class=\"s1\">Ostja peab kauba tagastama 14 p\u00e4eva jooksul p\u00e4rast taotluse esitamist v\u00f5i esitama t\u00f5endi selle kohta, et kaup on nimetatud t\u00e4htaja jooksul vedajale \u00fcle antud.<\/span><\/p>\n<p class=\"p2\"><span class=\"s1\">P\u00e4rast tagastatava kauba k\u00e4ttesaamist tagastab veebipood ostjale viivitamata, kuid mitte hiljem kui 14 p\u00e4eva jooksul alates taganemisavalduse k\u00e4ttesaamisest, k\u00f5ik ostjalt lepingu alusel saadud summad.<\/span><\/p>\n<p class=\"p2\"><span class=\"s1\">Veebipood v\u00f5ib keelduda tagastamisest, kuni ta saab lepingu eseme tagasi v\u00f5i kuni ostja esitab t\u00f5endi selle kohta, et toode on tagasi saadetud, olenevalt sellest, kumb toimub esimesena.<\/span><\/p>\n<p class=\"p2\"><span class=\"s1\">Veebipood v\u00f5ib keelduda summa tagastamisest, kui ostja on p\u00f5hjustanud toote defekti.<\/span><\/p>\n<p class=\"p2\"><span class=\"s1\">Kui ostja on selges\u00f5naliselt valinud tarneviisi, mis erineb veebipoe poolt pakutavast k\u00f5ige odavamast tavap\u00e4rasest tarneviisist, ei ole veebipood kohustatud tarbijale tagastama summat, mis \u00fcletab tavap\u00e4rase tarne maksumuse.<\/span><\/p>\n<p class=\"p2\"><span class=\"s1\">Veebipoel on \u00f5igus m\u00fc\u00fcgitehingust taganeda ja n\u00f5uda ostjalt kauba tagastamist, kui veebipoes m\u00e4rgitud kauba hind on vea t\u00f5ttu oluliselt madalam kui kauba turuhind.<\/span><\/p>\n<h5 class=\"p1\"><span class=\"s1\">7. \u00d5igus esitada kaebus<\/span><\/h5>\n<p class=\"p2\"><span class=\"s1\">Veebipood vastutab ostjale m\u00fc\u00fcdud kauba mittevastavuse eest lepingutingimustele ja puuduste eest, mis olid olemas juba tarnimise ajal. Defekti avastamisel on ostjal \u00f5igus 14 p\u00e4eva jooksul v\u00f5tta \u00fchendust veebipoega, saates e-kirja aadressil info@karineparras.com. Veebipood ei vastuta puuduste eest, mis tekivad p\u00e4rast kauba \u00fcleandmist ostjale. Kui veebipoest ostetud kaubal on defekt, mille eest veebipood vastutab, parandab v\u00f5i asendab veebipood defektse kauba.<\/span><\/p>\n<p class=\"p2\"><span class=\"s1\">Kui kaupa ei ole v\u00f5imalik parandada v\u00f5i asendada, tagastab veebipood ostjale k\u00f5ik m\u00fc\u00fcgilepingu alusel tekkinud tasud. Veebipood vastab ostja kaebusele 7 p\u00e4eva jooksul kirjalikult v\u00f5i kirjalikku taasesitamist v\u00f5imaldavas vormis.<\/span><\/p>\n<h5 class=\"p1\"><span class=\"s1\">8. Otseturundus ja isikuandmete t\u00f6\u00f6tlemine<\/span><\/h5>\n<p class=\"p2\"><span class=\"s1\">Veebipood kasutab ostja poolt sisestatud isikuandmeid (sealhulgas ostja nimi, telefoninumber, aadress, e-posti aadress ja pangakontode andmed) ainult tellimuse t\u00f6\u00f6tlemiseks ja kauba saatmiseks ostjale. Veebipood edastab isikuandmed transporditeenust osutavale ettev\u00f5ttele, et kaup saaks kohale toimetatud.<\/span><\/p>\n<p class=\"p2\"><span class=\"s1\">Veebipood saadab ostjale uudiskirju ja pakkumisi ostja e-posti aadressile ainult juhul, kui ostja on seda soovi avaldanud, sisestades oma e-posti aadressi veebisaidil ja andnud n\u00f5usoleku otseturunduss\u00f5numite saamiseks.<\/span><\/p>\n<p class=\"p2\"><span class=\"s1\">Ostja saab alati keelduda tulevastest pakkumistest ja uudiskirjadest, teatades sellest meile e-posti teel v\u00f5i j\u00e4rgides turunduspakkumistega saadetud e-kirjades sisalduvaid juhiseid.<\/span><\/p>\n<h5 class=\"p1\"><span class=\"s1\">9. Vaidluste lahendamine<\/span><\/h5>\n<p class=\"p2\"><span class=\"s1\">Kui ostjal on veebipoe kohta kaebusi, tuleb need saata e-posti aadressil info@karineparras.com v\u00f5i esitada telefonil +372 <\/span>56004244.<\/p>\n<p class=\"p2\"><span class=\"s1\">Kui ostja ja veebipood ei j\u00f5ua vaidluse lahendamiseks kokkuleppele, on ostjal \u00f5igus p\u00f6\u00f6rduda tarbijavaidluste komisjoni poole. Menetlusn\u00f5uetega tutvumiseks ja taotluse esitamiseks kl\u00f5psake siin. Tarbijavaidluste komisjon on p\u00e4dev lahendama vaidlusi, mis tulenevad ostja ja veebipoe vahel s\u00f5lmitud lepingust.<\/span><\/p>\n<p class=\"p2\"><span class=\"s1\">Komitee vaatab ostja kaebused tasuta l\u00e4bi. Ostja v\u00f5ib kasutada ELi tarbijavaidluste lahendamise platvormi.<\/span><\/p>\n\t\t\t\t\t\t\t\t<\/div>\n\t\t\t\t<\/div>\n\t\t\t\t\t<\/div>\n\t\t<\/div>\n\t\t\t\t\t<\/div>\n\t\t<\/section>\n\t\t\t\t<section class=\"elementor-section elementor-top-section elementor-element elementor-element-7ef86bc8 elementor-section-boxed elementor-section-height-default elementor-section-height-default sc_fly_static\" data-id=\"7ef86bc8\" data-element_type=\"section\" data-e-type=\"section\">\n\t\t\t\t\t\t<div class=\"elementor-container elementor-column-gap-extended\">\n\t\t\t\t\t<div class=\"elementor-column elementor-col-100 elementor-top-column elementor-element elementor-element-19372eea sc_content_align_inherit sc_layouts_column_icons_position_left sc_fly_static\" data-id=\"19372eea\" data-element_type=\"column\" data-e-type=\"column\">\n\t\t\t<div class=\"elementor-widget-wrap elementor-element-populated\">\n\t\t\t\t\t\t<div class=\"elementor-element elementor-element-690b98ed sc_height_medium sc_fly_static elementor-widget elementor-widget-spacer\" data-id=\"690b98ed\" data-element_type=\"widget\" data-e-type=\"widget\" data-widget_type=\"spacer.default\">\n\t\t\t\t<div class=\"elementor-widget-container\">\n\t\t\t\t\t\t\t<div class=\"elementor-spacer\">\n\t\t\t<div class=\"elementor-spacer-inner\"><\/div>\n\t\t<\/div>\n\t\t\t\t\t\t<\/div>\n\t\t\t\t<\/div>\n\t\t\t\t\t<\/div>\n\t\t<\/div>\n\t\t\t\t\t<\/div>\n\t\t<\/section>\n\t\t\t\t<\/div>\n\t\t","protected":false},"excerpt":{"rendered":"<p>1. Sissejuhatus Veebipoe karineparras.com (edaspidi veebipood) omanik on TRILLIANTS O\u00dc (registrikood 10810177), asukohaga Suur-Karja 2,&hellip;<\/p>\n","protected":false},"author":1,"featured_media":0,"parent":0,"menu_order":0,"comment_status":"closed","ping_status":"closed","template":"","meta":{"_themeisle_gutenberg_block_has_review":false,"footnotes":""},"class_list":["post-25937","page","type-page","status-publish","hentry"],"yoast_head":"<!-- This site is optimized with the Yoast SEO plugin v27.4 - https:\/\/yoast.com\/product\/yoast-seo-wordpress\/ -->\n<title>Tingimused - KARINE PARRAS<\/title>\n<meta name=\"robots\" content=\"index, follow, max-snippet:-1, max-image-preview:large, max-video-preview:-1\" \/>\n<link rel=\"canonical\" href=\"https:\/\/karineparras.com\/et\/tingimused\/\" \/>\n<meta property=\"og:locale\" content=\"et_EE\" \/>\n<meta property=\"og:type\" content=\"article\" \/>\n<meta property=\"og:title\" content=\"Tingimused - KARINE PARRAS\" \/>\n<meta property=\"og:description\" content=\"1. Sissejuhatus Veebipoe karineparras.com (edaspidi veebipood) omanik on TRILLIANTS O\u00dc (registrikood 10810177), asukohaga Suur-Karja 2,&hellip;\" \/>\n<meta property=\"og:url\" content=\"https:\/\/karineparras.com\/et\/tingimused\/\" \/>\n<meta property=\"og:site_name\" content=\"KARINE PARRAS\" \/>\n<meta property=\"article:publisher\" content=\"https:\/\/www.facebook.com\/karineparras\" \/>\n<meta property=\"article:modified_time\" content=\"2024-09-27T13:56:55+00:00\" \/>\n<meta name=\"twitter:card\" content=\"summary_large_image\" \/>\n<meta name=\"twitter:label1\" content=\"Est. reading time\" \/>\n\t<meta name=\"twitter:data1\" content=\"5 minutit\" \/>\n<script type=\"application\/ld+json\" class=\"yoast-schema-graph\">{\"@context\":\"https:\\\/\\\/schema.org\",\"@graph\":[{\"@type\":\"WebPage\",\"@id\":\"https:\\\/\\\/karineparras.com\\\/et\\\/tingimused\\\/\",\"url\":\"https:\\\/\\\/karineparras.com\\\/et\\\/tingimused\\\/\",\"name\":\"Tingimused - KARINE PARRAS\",\"isPartOf\":{\"@id\":\"https:\\\/\\\/karineparras.com\\\/et\\\/#website\"},\"datePublished\":\"2022-10-21T02:12:22+00:00\",\"dateModified\":\"2024-09-27T13:56:55+00:00\",\"breadcrumb\":{\"@id\":\"https:\\\/\\\/karineparras.com\\\/et\\\/tingimused\\\/#breadcrumb\"},\"inLanguage\":\"et\",\"potentialAction\":[{\"@type\":\"ReadAction\",\"target\":[\"https:\\\/\\\/karineparras.com\\\/et\\\/tingimused\\\/\"]}]},{\"@type\":\"BreadcrumbList\",\"@id\":\"https:\\\/\\\/karineparras.com\\\/et\\\/tingimused\\\/#breadcrumb\",\"itemListElement\":[{\"@type\":\"ListItem\",\"position\":1,\"name\":\"Home\",\"item\":\"https:\\\/\\\/karineparras.com\\\/et\\\/karine-parras\\\/\"},{\"@type\":\"ListItem\",\"position\":2,\"name\":\"Tingimused\"}]},{\"@type\":\"WebSite\",\"@id\":\"https:\\\/\\\/karineparras.com\\\/et\\\/#website\",\"url\":\"https:\\\/\\\/karineparras.com\\\/et\\\/\",\"name\":\"KARINE PARRAS\",\"description\":\"\",\"publisher\":{\"@id\":\"https:\\\/\\\/karineparras.com\\\/et\\\/#organization\"},\"potentialAction\":[{\"@type\":\"SearchAction\",\"target\":{\"@type\":\"EntryPoint\",\"urlTemplate\":\"https:\\\/\\\/karineparras.com\\\/et\\\/?s={search_term_string}\"},\"query-input\":{\"@type\":\"PropertyValueSpecification\",\"valueRequired\":true,\"valueName\":\"search_term_string\"}}],\"inLanguage\":\"et\"},{\"@type\":\"Organization\",\"@id\":\"https:\\\/\\\/karineparras.com\\\/et\\\/#organization\",\"name\":\"KARINE PARRAS\",\"url\":\"https:\\\/\\\/karineparras.com\\\/et\\\/\",\"logo\":{\"@type\":\"ImageObject\",\"inLanguage\":\"et\",\"@id\":\"https:\\\/\\\/karineparras.com\\\/et\\\/#\\\/schema\\\/logo\\\/image\\\/\",\"url\":\"https:\\\/\\\/karineparras.com\\\/wp-content\\\/uploads\\\/2023\\\/12\\\/logo-header.png\",\"contentUrl\":\"https:\\\/\\\/karineparras.com\\\/wp-content\\\/uploads\\\/2023\\\/12\\\/logo-header.png\",\"width\":1000,\"height\":60,\"caption\":\"KARINE PARRAS\"},\"image\":{\"@id\":\"https:\\\/\\\/karineparras.com\\\/et\\\/#\\\/schema\\\/logo\\\/image\\\/\"},\"sameAs\":[\"https:\\\/\\\/www.facebook.com\\\/karineparras\",\"https:\\\/\\\/www.instagram.com\\\/karineparras\\\/\"]}]}<\/script>\n<!-- \/ Yoast SEO plugin. -->","yoast_head_json":{"title":"Tingimused - KARINE PARRAS","robots":{"index":"index","follow":"follow","max-snippet":"max-snippet:-1","max-image-preview":"max-image-preview:large","max-video-preview":"max-video-preview:-1"},"canonical":"https:\/\/karineparras.com\/et\/tingimused\/","og_locale":"et_EE","og_type":"article","og_title":"Tingimused - KARINE PARRAS","og_description":"1. Sissejuhatus Veebipoe karineparras.com (edaspidi veebipood) omanik on TRILLIANTS O\u00dc (registrikood 10810177), asukohaga Suur-Karja 2,&hellip;","og_url":"https:\/\/karineparras.com\/et\/tingimused\/","og_site_name":"KARINE PARRAS","article_publisher":"https:\/\/www.facebook.com\/karineparras","article_modified_time":"2024-09-27T13:56:55+00:00","twitter_card":"summary_large_image","twitter_misc":{"Est. reading time":"5 minutit"},"schema":{"@context":"https:\/\/schema.org","@graph":[{"@type":"WebPage","@id":"https:\/\/karineparras.com\/et\/tingimused\/","url":"https:\/\/karineparras.com\/et\/tingimused\/","name":"Tingimused - KARINE PARRAS","isPartOf":{"@id":"https:\/\/karineparras.com\/et\/#website"},"datePublished":"2022-10-21T02:12:22+00:00","dateModified":"2024-09-27T13:56:55+00:00","breadcrumb":{"@id":"https:\/\/karineparras.com\/et\/tingimused\/#breadcrumb"},"inLanguage":"et","potentialAction":[{"@type":"ReadAction","target":["https:\/\/karineparras.com\/et\/tingimused\/"]}]},{"@type":"BreadcrumbList","@id":"https:\/\/karineparras.com\/et\/tingimused\/#breadcrumb","itemListElement":[{"@type":"ListItem","position":1,"name":"Home","item":"https:\/\/karineparras.com\/et\/karine-parras\/"},{"@type":"ListItem","position":2,"name":"Tingimused"}]},{"@type":"WebSite","@id":"https:\/\/karineparras.com\/et\/#website","url":"https:\/\/karineparras.com\/et\/","name":"KARINE PARRAS","description":"","publisher":{"@id":"https:\/\/karineparras.com\/et\/#organization"},"potentialAction":[{"@type":"SearchAction","target":{"@type":"EntryPoint","urlTemplate":"https:\/\/karineparras.com\/et\/?s={search_term_string}"},"query-input":{"@type":"PropertyValueSpecification","valueRequired":true,"valueName":"search_term_string"}}],"inLanguage":"et"},{"@type":"Organization","@id":"https:\/\/karineparras.com\/et\/#organization","name":"KARINE PARRAS","url":"https:\/\/karineparras.com\/et\/","logo":{"@type":"ImageObject","inLanguage":"et","@id":"https:\/\/karineparras.com\/et\/#\/schema\/logo\/image\/","url":"https:\/\/karineparras.com\/wp-content\/uploads\/2023\/12\/logo-header.png","contentUrl":"https:\/\/karineparras.com\/wp-content\/uploads\/2023\/12\/logo-header.png","width":1000,"height":60,"caption":"KARINE PARRAS"},"image":{"@id":"https:\/\/karineparras.com\/et\/#\/schema\/logo\/image\/"},"sameAs":["https:\/\/www.facebook.com\/karineparras","https:\/\/www.instagram.com\/karineparras\/"]}]}},"_links":{"self":[{"href":"https:\/\/karineparras.com\/et\/wp-json\/wp\/v2\/pages\/25937","targetHints":{"allow":["GET"]}}],"collection":[{"href":"https:\/\/karineparras.com\/et\/wp-json\/wp\/v2\/pages"}],"about":[{"href":"https:\/\/karineparras.com\/et\/wp-json\/wp\/v2\/types\/page"}],"author":[{"embeddable":true,"href":"https:\/\/karineparras.com\/et\/wp-json\/wp\/v2\/users\/1"}],"replies":[{"embeddable":true,"href":"https:\/\/karineparras.com\/et\/wp-json\/wp\/v2\/comments?post=25937"}],"version-history":[{"count":4,"href":"https:\/\/karineparras.com\/et\/wp-json\/wp\/v2\/pages\/25937\/revisions"}],"predecessor-version":[{"id":26036,"href":"https:\/\/karineparras.com\/et\/wp-json\/wp\/v2\/pages\/25937\/revisions\/26036"}],"wp:attachment":[{"href":"https:\/\/karineparras.com\/et\/wp-json\/wp\/v2\/media?parent=25937"}],"curies":[{"name":"wp","href":"https:\/\/api.w.org\/{rel}","templated":true}]}}